{"id":10822,"date":"2025-10-13T15:56:55","date_gmt":"2025-10-13T13:56:55","guid":{"rendered":"https:\/\/www.fbl-it.it\/traitements-thermiques\/"},"modified":"2025-10-16T09:36:25","modified_gmt":"2025-10-16T07:36:25","slug":"traitements-thermiques","status":"publish","type":"page","link":"https:\/\/www.fbl-it.it\/fr\/traitements-thermiques\/","title":{"rendered":"TRAITEMENTS THERMIQUES"},"content":{"rendered":"\t\t<div data-elementor-type=\"wp-page\" data-elementor-id=\"10822\" class=\"elementor elementor-10822 elementor-10424\" data-elementor-post-type=\"page\">\n\t\t\t\t\t\t<section class=\"elementor-section elementor-top-section elementor-element elementor-element-16032394 elementor-section-full_width elementor-section-height-min-height elementor-section-height-default elementor-section-items-middle elementor-invisible\" data-id=\"16032394\" data-element_type=\"section\" data-e-type=\"section\" data-settings=\"{&quot;background_background&quot;:&quot;slideshow&quot;,&quot;animation&quot;:&quot;fadeIn&quot;,&quot;background_slideshow_gallery&quot;:[{&quot;id&quot;:10511,&quot;url&quot;:&quot;https:\\\/\\\/www.fbl-it.it\\\/wp-content\\\/uploads\\\/2024\\\/06\\\/testata-autoclave-sterilizzazione-2.jpg&quot;},{&quot;id&quot;:7406,&quot;url&quot;:&quot;https:\\\/\\\/www.fbl-it.it\\\/wp-content\\\/uploads\\\/2022\\\/02\\\/FBL-Pastorizzatore-FL-10-_S5A1994_PAST.jpg&quot;}],&quot;background_slideshow_slide_duration&quot;:3000,&quot;background_slideshow_loop&quot;:&quot;yes&quot;,&quot;background_slideshow_slide_transition&quot;:&quot;fade&quot;,&quot;background_slideshow_transition_duration&quot;:500}\">\n\t\t\t\t\t\t<div class=\"elementor-container elementor-column-gap-default\">\n\t\t\t\t\t<div class=\"elementor-column elementor-col-100 elementor-top-column elementor-element elementor-element-257d795b\" data-id=\"257d795b\" data-element_type=\"column\" data-e-type=\"column\">\n\t\t\t<div class=\"elementor-widget-wrap\">\n\t\t\t\t\t\t\t<\/div>\n\t\t<\/div>\n\t\t\t\t\t<\/div>\n\t\t<\/section>\n\t\t\t\t<section class=\"elementor-section elementor-top-section elementor-element elementor-element-4f85dd58 elementor-section-boxed elementor-section-height-default elementor-section-height-default\" data-id=\"4f85dd58\" data-element_type=\"section\" data-e-type=\"section\">\n\t\t\t\t\t\t<div class=\"elementor-container elementor-column-gap-wide\">\n\t\t\t\t\t<div class=\"elementor-column elementor-col-33 elementor-top-column elementor-element elementor-element-49372b34\" data-id=\"49372b34\" data-element_type=\"column\" data-e-type=\"column\">\n\t\t\t<div class=\"elementor-widget-wrap elementor-element-populated\">\n\t\t\t\t\t\t<div class=\"elementor-element elementor-element-2acc06cc elementor-invisible elementor-widget elementor-widget-heading\" data-id=\"2acc06cc\" data-element_type=\"widget\" data-e-type=\"widget\" data-settings=\"{&quot;_animation&quot;:&quot;fadeInLeft&quot;}\" data-widget_type=\"heading.default\">\n\t\t\t\t\t<h1 class=\"elementor-heading-title elementor-size-xl\">TRAITEMENTS<\/h1>\t\t\t\t<\/div>\n\t\t\t\t<div class=\"elementor-element elementor-element-15201769 animated-slow elementor-invisible elementor-widget elementor-widget-heading\" data-id=\"15201769\" data-element_type=\"widget\" data-e-type=\"widget\" data-settings=\"{&quot;_animation&quot;:&quot;fadeInLeft&quot;}\" data-widget_type=\"heading.default\">\n\t\t\t\t\t<h1 class=\"elementor-heading-title elementor-size-xl\">THERMIQUES<\/h1>\t\t\t\t<\/div>\n\t\t\t\t<div class=\"elementor-element elementor-element-7a28a256 animated-slow elementor-invisible elementor-widget elementor-widget-spacer\" data-id=\"7a28a256\" data-element_type=\"widget\" data-e-type=\"widget\" data-settings=\"{&quot;_animation&quot;:&quot;fadeInLeft&quot;}\" data-widget_type=\"spacer.default\">\n\t\t\t\t\t\t\t<div class=\"elementor-spacer\">\n\t\t\t<div class=\"elementor-spacer-inner\"><\/div>\n\t\t<\/div>\n\t\t\t\t\t\t<\/div>\n\t\t\t\t\t<\/div>\n\t\t<\/div>\n\t\t\t\t<div class=\"elementor-column elementor-col-33 elementor-top-column elementor-element elementor-element-6811b856 animated-slow elementor-invisible\" data-id=\"6811b856\" data-element_type=\"column\" data-e-type=\"column\" data-settings=\"{&quot;animation&quot;:&quot;fadeIn&quot;}\">\n\t\t\t<div class=\"elementor-widget-wrap elementor-element-populated\">\n\t\t\t\t\t\t<div class=\"elementor-element elementor-element-313ff971 elementor-widget elementor-widget-text-editor\" data-id=\"313ff971\" data-element_type=\"widget\" data-e-type=\"widget\" data-widget_type=\"text-editor.default\">\n\t\t\t\t\t\t\t\t\t<p><strong>Traitements thermiques pour les produits emball\u00e9s<\/strong><\/p>\n<p>Traitements thermiques \u00ab doux \u00bb en mesure de garantir la conservation correcte \u00e0 temp\u00e9rature ambiante de tous les types de produits alimentaires emball\u00e9s, qu&rsquo;ils soient acides ou non, \u00ab Low and High Acid \u00bb, en maintenant les normes de qualit\u00e9 les plus \u00e9lev\u00e9es sur le march\u00e9.<\/p>\n<p>Les machines FBL d\u00e9di\u00e9es \u00e0 ces traitements, pasteurisateurs et autoclaves de st\u00e9rilisation, sont en mesure de traiter les produits alimentaires dans tous les types de contenants traditionnels tels que bocaux et bouteilles en verre, bo\u00eetes en fer-blanc et en aluminium, jusqu&rsquo;aux contenants flexibles de toutes formes et de tous types tels que sachets, barquettes, gobelets ferm\u00e9s par un film ou par un scellage traditionnel.<\/p>\n\t\t\t\t\t\t\t\t<\/div>\n\t\t\t\t\t<\/div>\n\t\t<\/div>\n\t\t\t\t<div class=\"elementor-column elementor-col-33 elementor-top-column elementor-element elementor-element-5453f2eb\" data-id=\"5453f2eb\" data-element_type=\"column\" data-e-type=\"column\">\n\t\t\t<div class=\"elementor-widget-wrap elementor-element-populated\">\n\t\t\t\t\t\t<div class=\"elementor-element elementor-element-140279b2 elementor-invisible elementor-widget elementor-widget-image\" data-id=\"140279b2\" data-element_type=\"widget\" data-e-type=\"widget\" data-settings=\"{&quot;_animation&quot;:&quot;fadeInRight&quot;}\" data-widget_type=\"image.default\">\n\t\t\t\t\t\t\t\t\t\t\t\t\t\t\t<img fetchpriority=\"high\" decoding=\"async\" width=\"600\" height=\"600\" src=\"https:\/\/www.fbl-it.it\/wp-content\/uploads\/2022\/02\/icona-pastorizzazione.png\" class=\"attachment-large size-large wp-image-7352\" alt=\"\" srcset=\"https:\/\/www.fbl-it.it\/wp-content\/uploads\/2022\/02\/icona-pastorizzazione.png 600w, https:\/\/www.fbl-it.it\/wp-content\/uploads\/2022\/02\/icona-pastorizzazione-300x300.png 300w, https:\/\/www.fbl-it.it\/wp-content\/uploads\/2022\/02\/icona-pastorizzazione-150x150.png 150w\" sizes=\"(max-width: 600px) 100vw, 600px\" \/>\t\t\t\t\t\t\t\t\t\t\t\t\t\t\t<\/div>\n\t\t\t\t<div class=\"elementor-element elementor-element-7eb2f5c8 animated-slow elementor-invisible elementor-widget elementor-widget-spacer\" data-id=\"7eb2f5c8\" data-element_type=\"widget\" data-e-type=\"widget\" data-settings=\"{&quot;_animation&quot;:&quot;fadeInRight&quot;}\" data-widget_type=\"spacer.default\">\n\t\t\t\t\t\t\t<div class=\"elementor-spacer\">\n\t\t\t<div class=\"elementor-spacer-inner\"><\/div>\n\t\t<\/div>\n\t\t\t\t\t\t<\/div>\n\t\t\t\t\t<\/div>\n\t\t<\/div>\n\t\t\t\t\t<\/div>\n\t\t<\/section>\n\t\t\t\t<section class=\"elementor-section elementor-top-section elementor-element elementor-element-4bfab55 elementor-section-full_width elementor-section-height-default elementor-section-height-default elementor-invisible\" data-id=\"4bfab55\" data-element_type=\"section\" data-e-type=\"section\" data-settings=\"{&quot;animation&quot;:&quot;fadeInUp&quot;}\">\n\t\t\t\t\t\t<div class=\"elementor-container elementor-column-gap-default\">\n\t\t\t\t\t<div class=\"elementor-column elementor-col-100 elementor-top-column elementor-element elementor-element-1588852a\" data-id=\"1588852a\" data-element_type=\"column\" data-e-type=\"column\">\n\t\t\t<div class=\"elementor-widget-wrap elementor-element-populated\">\n\t\t\t\t\t\t<div class=\"elementor-element elementor-element-3a9d3f8b elementor-icon-list--layout-inline elementor-align-center elementor-list-item-link-full_width elementor-widget elementor-widget-icon-list\" data-id=\"3a9d3f8b\" data-element_type=\"widget\" data-e-type=\"widget\" data-widget_type=\"icon-list.default\">\n\t\t\t\t\t\t\t<ul class=\"elementor-icon-list-items elementor-inline-items\">\n\t\t\t\t\t\t\t<li class=\"elementor-icon-list-item elementor-inline-item\">\n\t\t\t\t\t\t\t\t\t\t\t<span class=\"elementor-icon-list-icon\">\n\t\t\t\t\t\t\t<svg xmlns=\"http:\/\/www.w3.org\/2000\/svg\" xmlns:xlink=\"http:\/\/www.w3.org\/1999\/xlink\" id=\"Livello_1\" x=\"0px\" y=\"0px\" width=\"29.557px\" height=\"30.049px\" viewBox=\"0 0 29.557 30.049\" xml:space=\"preserve\"><polygon fill=\"#C40941\" points=\"24.582,9.933 14.668,19.846 4.854,10.033 3.605,11.28 14.789,22.463 25.951,11.3 \"><\/polygon><\/svg>\t\t\t\t\t\t<\/span>\n\t\t\t\t\t\t\t\t\t\t<span class=\"elementor-icon-list-text\">MOD\u00c8LES<\/span>\n\t\t\t\t\t\t\t\t\t<\/li>\n\t\t\t\t\t\t<\/ul>\n\t\t\t\t\t\t<\/div>\n\t\t\t\t<div class=\"elementor-element elementor-element-a3c896b premium-blog__carousel-yes premium-blog-align-left elementor-widget elementor-widget-premium-addon-blog\" data-id=\"a3c896b\" data-element_type=\"widget\" data-e-type=\"widget\" data-settings=\"{&quot;premium_blog_columns_number&quot;:&quot;33.33%&quot;,&quot;premium_blog_carousel&quot;:&quot;yes&quot;,&quot;slides_to_scroll&quot;:1,&quot;premium_blog_carousel_dots&quot;:&quot;yes&quot;,&quot;premium_blog_grid&quot;:&quot;yes&quot;,&quot;premium_blog_layout&quot;:&quot;even&quot;,&quot;premium_blog_columns_number_tablet&quot;:&quot;50%&quot;,&quot;premium_blog_columns_number_mobile&quot;:&quot;100%&quot;,&quot;carousel_speed&quot;:300,&quot;premium_blog_carousel_spacing&quot;:&quot;15&quot;,&quot;premium_blog_carousel_arrows&quot;:&quot;yes&quot;,&quot;arrows_position&quot;:&quot;default&quot;}\" data-widget_type=\"premium-addon-blog.default\">\n\t\t\t\t\t\n\t\t\n\n\t\t\t\t<div class=\"premium-blog-wrap  premium-blog-even premium-carousel-hidden\" data-page=\"10822\">\n\t\t\t\t\t\t\t\t\t<div class=\"premium-blog-post-outer-container\" data-total=\"1\">\n\t\t\t<div class=\"premium-blog-post-container premium-blog-skin-banner\">\n\t\t\t\t\t\t\t\t\t<div class=\"premium-blog-thumb-effect-wrapper\">\n\t\t\t\t\t\t<div class=\"premium-blog-thumbnail-container premium-blog-none-effect\">\n\t\t\t\t\t\t\t<img decoding=\"async\" src=\"https:\/\/www.fbl-it.it\/wp-content\/uploads\/elementor\/thumbs\/FBL-Autoclave-sterilizzazione-4-EB0I5164-3-Copia-qqa0a594hyhyl8wyzybaxkomwxczma8xgg8aowet6o.jpg\" title=\"FBL-Autoclave-sterilizzazione-4-EB0I5164-3 &#8211; Copia\" alt=\"FBL-Autoclave-sterilizzazione-4-EB0I5164-3 - Copia\" loading=\"lazy\" \/>\t\t\t\t\t\t<\/div>\n\t\t\t\t\t\t\t\t\t\t\t\t\t<div class=\"premium-blog-thumbnail-overlay\">\n\t\t\t\t\t\t\t\t<a class=\"elementor-icon\" href=\"https:\/\/www.fbl-it.it\/fr\/projects\/autoclaves-de-sterilisation-ster-fl-4-0\/\" target=\"_self\"><\/a>\n\t\t\t\t\t\t\t<\/div>\n\n\t\t\t\t\t\t\t\t\t\t\t\t\t\t\t\t\t\t<\/div>\n\t\t\t\t\t\t\t\t\t\t\t\t<div class=\"premium-blog-content-wrapper \">\n\n\t\t\t\t\t<div class=\"premium-blog-inner-container\">\n\n\t\t\t\t\t\t\t\t\t\t\t\t\t\t<h2 class=\"premium-blog-entry-title\">\n\t\t\t<a href=\"https:\/\/www.fbl-it.it\/fr\/projects\/autoclaves-de-sterilisation-ster-fl-4-0\/\" target=\"_self\">\n\t\t\t\tAUTOCLAVES DE ST\u00c9RILISATION STER FL 4.0\t\t\t<\/a>\n\t\t<\/h2>\n\t\t\t\t<div class=\"premium-blog-entry-meta\">\n\t\t\t\n\t\t\t\n\t\t\t\n\t\t\t\t\t<\/div>\n\t\t\n\t\t\t\t\t<\/div>\n\n\t\t\t\t\t\t\t\t\t\t\n\t\t\t\t<\/div>\n\t\t\t<\/div>\n\t\t<\/div>\n\n\t\t\t\t<div class=\"premium-blog-post-outer-container\" data-total=\"1\">\n\t\t\t<div class=\"premium-blog-post-container premium-blog-skin-banner\">\n\t\t\t\t\t\t\t\t\t<div class=\"premium-blog-thumb-effect-wrapper\">\n\t\t\t\t\t\t<div class=\"premium-blog-thumbnail-container premium-blog-none-effect\">\n\t\t\t\t\t\t\t<img decoding=\"async\" src=\"https:\/\/www.fbl-it.it\/wp-content\/uploads\/elementor\/thumbs\/FBL-Pastorizzatore-FL-10-_S5A1876_PAST-pkuoxm55a6xw766kkzvdlfaglz57dpflf7bzq1zqrk.jpg\" title=\"FBL-Pastorizzatore-FL-10-_S5A1876_PAST\" alt=\"FBL-Pastorizzatore-FL-10-_S5A1876_PAST\" loading=\"lazy\" \/>\t\t\t\t\t\t<\/div>\n\t\t\t\t\t\t\t\t\t\t\t\t\t<div class=\"premium-blog-thumbnail-overlay\">\n\t\t\t\t\t\t\t\t<a class=\"elementor-icon\" href=\"https:\/\/www.fbl-it.it\/fr\/projects\/pasteurisateurs-fl-10\/\" target=\"_self\"><\/a>\n\t\t\t\t\t\t\t<\/div>\n\n\t\t\t\t\t\t\t\t\t\t\t\t\t\t\t\t\t\t<\/div>\n\t\t\t\t\t\t\t\t\t\t\t\t<div class=\"premium-blog-content-wrapper \">\n\n\t\t\t\t\t<div class=\"premium-blog-inner-container\">\n\n\t\t\t\t\t\t\t\t\t\t\t\t\t\t<h2 class=\"premium-blog-entry-title\">\n\t\t\t<a href=\"https:\/\/www.fbl-it.it\/fr\/projects\/pasteurisateurs-fl-10\/\" target=\"_self\">\n\t\t\t\tPasteurisateurs FL-10\t\t\t<\/a>\n\t\t<\/h2>\n\t\t\t\t<div class=\"premium-blog-entry-meta\">\n\t\t\t\n\t\t\t\n\t\t\t\n\t\t\t\t\t<\/div>\n\t\t\n\t\t\t\t\t<\/div>\n\n\t\t\t\t\t\t\t\t\t\t\n\t\t\t\t<\/div>\n\t\t\t<\/div>\n\t\t<\/div>\n\n\t\t\t\t\t\t\t<\/div>\n\n\t\t\n\t\t\n\t\t\t\t\t\t<\/div>\n\t\t\t\t\t<\/div>\n\t\t<\/div>\n\t\t\t\t\t<\/div>\n\t\t<\/section>\n\t\t\t\t<section class=\"elementor-section elementor-top-section elementor-element elementor-element-4e176743 elementor-section-full_width elementor-hidden-tablet elementor-hidden-mobile elementor-hidden-desktop elementor-section-height-default elementor-section-height-default elementor-invisible\" data-id=\"4e176743\" data-element_type=\"section\" data-e-type=\"section\" data-settings=\"{&quot;background_background&quot;:&quot;classic&quot;,&quot;animation&quot;:&quot;fadeInUp&quot;}\">\n\t\t\t\t\t\t<div class=\"elementor-container elementor-column-gap-no\">\n\t\t\t\t\t<div class=\"elementor-column elementor-col-100 elementor-top-column elementor-element elementor-element-1a727c6c\" data-id=\"1a727c6c\" data-element_type=\"column\" data-e-type=\"column\">\n\t\t\t<div class=\"elementor-widget-wrap elementor-element-populated\">\n\t\t\t\t\t\t\t<\/div>\n\t\t<\/div>\n\t\t\t\t\t<\/div>\n\t\t<\/section>\n\t\t\t\t<\/div>\n\t\t","protected":false},"excerpt":{"rendered":"<p>TRAITEMENTS THERMIQUES Traitements thermiques pour les produits emball\u00e9s Traitements thermiques \u00ab doux \u00bb en mesure de garantir la conservation correcte \u00e0 temp\u00e9rature ambiante de tous les types de produits alimentaires emball\u00e9s, qu&rsquo;ils soient acides ou non, \u00ab Low and High Acid \u00bb, en maintenant les normes de qualit\u00e9 les plus \u00e9lev\u00e9es sur le march\u00e9. Les [&hellip;]<\/p>\n","protected":false},"author":6,"featured_media":0,"parent":0,"menu_order":2,"comment_status":"closed","ping_status":"closed","template":"elementor_header_footer","meta":{"_acf_changed":false,"inline_featured_image":false,"footnotes":""},"class_list":["post-10822","page","type-page","status-publish","hentry"],"acf":[],"yoast_head":"<!-- This site is optimized with the Yoast SEO plugin v27.3 - https:\/\/yoast.com\/product\/yoast-seo-wordpress\/ -->\n<title>TRAITEMENTS THERMIQUES - FBL Food Machinery<\/title>\n<meta name=\"robots\" content=\"index, follow, max-snippet:-1, max-image-preview:large, max-video-preview:-1\" \/>\n<link rel=\"canonical\" href=\"https:\/\/www.fbl-it.it\/fr\/traitements-thermiques\/\" \/>\n<meta property=\"og:locale\" content=\"fr_FR\" \/>\n<meta property=\"og:type\" content=\"article\" \/>\n<meta property=\"og:title\" content=\"TRAITEMENTS THERMIQUES - FBL Food Machinery\" \/>\n<meta property=\"og:description\" content=\"TRAITEMENTS THERMIQUES Traitements thermiques pour les produits emball\u00e9s Traitements thermiques \u00ab doux \u00bb en mesure de garantir la conservation correcte \u00e0 temp\u00e9rature ambiante de tous les types de produits alimentaires emball\u00e9s, qu&rsquo;ils soient acides ou non, \u00ab Low and High Acid \u00bb, en maintenant les normes de qualit\u00e9 les plus \u00e9lev\u00e9es sur le march\u00e9. Les [&hellip;]\" \/>\n<meta property=\"og:url\" content=\"https:\/\/www.fbl-it.it\/fr\/traitements-thermiques\/\" \/>\n<meta property=\"og:site_name\" content=\"FBL Food Machinery\" \/>\n<meta property=\"article:modified_time\" content=\"2025-10-16T07:36:25+00:00\" \/>\n<meta property=\"og:image\" content=\"https:\/\/www.fbl-it.it\/wp-content\/uploads\/2022\/02\/icona-pastorizzazione.png\" \/>\n\t<meta property=\"og:image:width\" content=\"600\" \/>\n\t<meta property=\"og:image:height\" content=\"600\" \/>\n\t<meta property=\"og:image:type\" content=\"image\/png\" \/>\n<meta name=\"twitter:card\" content=\"summary_large_image\" \/>\n<meta name=\"twitter:label1\" content=\"Dur\u00e9e de lecture estim\u00e9e\" \/>\n\t<meta name=\"twitter:data1\" content=\"1 minute\" \/>\n<script type=\"application\/ld+json\" class=\"yoast-schema-graph\">{\"@context\":\"https:\\\/\\\/schema.org\",\"@graph\":[{\"@type\":\"WebPage\",\"@id\":\"https:\\\/\\\/www.fbl-it.it\\\/fr\\\/traitements-thermiques\\\/\",\"url\":\"https:\\\/\\\/www.fbl-it.it\\\/fr\\\/traitements-thermiques\\\/\",\"name\":\"TRAITEMENTS THERMIQUES - FBL Food Machinery\",\"isPartOf\":{\"@id\":\"https:\\\/\\\/www.fbl-it.it\\\/#website\"},\"primaryImageOfPage\":{\"@id\":\"https:\\\/\\\/www.fbl-it.it\\\/fr\\\/traitements-thermiques\\\/#primaryimage\"},\"image\":{\"@id\":\"https:\\\/\\\/www.fbl-it.it\\\/fr\\\/traitements-thermiques\\\/#primaryimage\"},\"thumbnailUrl\":\"https:\\\/\\\/www.fbl-it.it\\\/wp-content\\\/uploads\\\/2022\\\/02\\\/icona-pastorizzazione.png\",\"datePublished\":\"2025-10-13T13:56:55+00:00\",\"dateModified\":\"2025-10-16T07:36:25+00:00\",\"breadcrumb\":{\"@id\":\"https:\\\/\\\/www.fbl-it.it\\\/fr\\\/traitements-thermiques\\\/#breadcrumb\"},\"inLanguage\":\"fr-FR\",\"potentialAction\":[{\"@type\":\"ReadAction\",\"target\":[\"https:\\\/\\\/www.fbl-it.it\\\/fr\\\/traitements-thermiques\\\/\"]}]},{\"@type\":\"ImageObject\",\"inLanguage\":\"fr-FR\",\"@id\":\"https:\\\/\\\/www.fbl-it.it\\\/fr\\\/traitements-thermiques\\\/#primaryimage\",\"url\":\"https:\\\/\\\/www.fbl-it.it\\\/wp-content\\\/uploads\\\/2022\\\/02\\\/icona-pastorizzazione.png\",\"contentUrl\":\"https:\\\/\\\/www.fbl-it.it\\\/wp-content\\\/uploads\\\/2022\\\/02\\\/icona-pastorizzazione.png\"},{\"@type\":\"BreadcrumbList\",\"@id\":\"https:\\\/\\\/www.fbl-it.it\\\/fr\\\/traitements-thermiques\\\/#breadcrumb\",\"itemListElement\":[{\"@type\":\"ListItem\",\"position\":1,\"name\":\"Home\",\"item\":\"https:\\\/\\\/www.fbl-it.it\\\/fr\\\/\"},{\"@type\":\"ListItem\",\"position\":2,\"name\":\"TRAITEMENTS THERMIQUES\"}]},{\"@type\":\"WebSite\",\"@id\":\"https:\\\/\\\/www.fbl-it.it\\\/#website\",\"url\":\"https:\\\/\\\/www.fbl-it.it\\\/\",\"name\":\"FBL Food Machinery\",\"description\":\"www.fbl-it.it Costruiamo depalettizzatori, discensori, soffianti, riempitrici, colmatrici, dosatrici, capsulatrici, lavatrici, pastorizzatori, controllo vuoto e sistemi di trasporto\",\"potentialAction\":[{\"@type\":\"SearchAction\",\"target\":{\"@type\":\"EntryPoint\",\"urlTemplate\":\"https:\\\/\\\/www.fbl-it.it\\\/?s={search_term_string}\"},\"query-input\":{\"@type\":\"PropertyValueSpecification\",\"valueRequired\":true,\"valueName\":\"search_term_string\"}}],\"inLanguage\":\"fr-FR\"}]}<\/script>\n<!-- \/ Yoast SEO plugin. -->","yoast_head_json":{"title":"TRAITEMENTS THERMIQUES - FBL Food Machinery","robots":{"index":"index","follow":"follow","max-snippet":"max-snippet:-1","max-image-preview":"max-image-preview:large","max-video-preview":"max-video-preview:-1"},"canonical":"https:\/\/www.fbl-it.it\/fr\/traitements-thermiques\/","og_locale":"fr_FR","og_type":"article","og_title":"TRAITEMENTS THERMIQUES - FBL Food Machinery","og_description":"TRAITEMENTS THERMIQUES Traitements thermiques pour les produits emball\u00e9s Traitements thermiques \u00ab doux \u00bb en mesure de garantir la conservation correcte \u00e0 temp\u00e9rature ambiante de tous les types de produits alimentaires emball\u00e9s, qu&rsquo;ils soient acides ou non, \u00ab Low and High Acid \u00bb, en maintenant les normes de qualit\u00e9 les plus \u00e9lev\u00e9es sur le march\u00e9. Les [&hellip;]","og_url":"https:\/\/www.fbl-it.it\/fr\/traitements-thermiques\/","og_site_name":"FBL Food Machinery","article_modified_time":"2025-10-16T07:36:25+00:00","og_image":[{"width":600,"height":600,"url":"https:\/\/www.fbl-it.it\/wp-content\/uploads\/2022\/02\/icona-pastorizzazione.png","type":"image\/png"}],"twitter_card":"summary_large_image","twitter_misc":{"Dur\u00e9e de lecture estim\u00e9e":"1 minute"},"schema":{"@context":"https:\/\/schema.org","@graph":[{"@type":"WebPage","@id":"https:\/\/www.fbl-it.it\/fr\/traitements-thermiques\/","url":"https:\/\/www.fbl-it.it\/fr\/traitements-thermiques\/","name":"TRAITEMENTS THERMIQUES - FBL Food Machinery","isPartOf":{"@id":"https:\/\/www.fbl-it.it\/#website"},"primaryImageOfPage":{"@id":"https:\/\/www.fbl-it.it\/fr\/traitements-thermiques\/#primaryimage"},"image":{"@id":"https:\/\/www.fbl-it.it\/fr\/traitements-thermiques\/#primaryimage"},"thumbnailUrl":"https:\/\/www.fbl-it.it\/wp-content\/uploads\/2022\/02\/icona-pastorizzazione.png","datePublished":"2025-10-13T13:56:55+00:00","dateModified":"2025-10-16T07:36:25+00:00","breadcrumb":{"@id":"https:\/\/www.fbl-it.it\/fr\/traitements-thermiques\/#breadcrumb"},"inLanguage":"fr-FR","potentialAction":[{"@type":"ReadAction","target":["https:\/\/www.fbl-it.it\/fr\/traitements-thermiques\/"]}]},{"@type":"ImageObject","inLanguage":"fr-FR","@id":"https:\/\/www.fbl-it.it\/fr\/traitements-thermiques\/#primaryimage","url":"https:\/\/www.fbl-it.it\/wp-content\/uploads\/2022\/02\/icona-pastorizzazione.png","contentUrl":"https:\/\/www.fbl-it.it\/wp-content\/uploads\/2022\/02\/icona-pastorizzazione.png"},{"@type":"BreadcrumbList","@id":"https:\/\/www.fbl-it.it\/fr\/traitements-thermiques\/#breadcrumb","itemListElement":[{"@type":"ListItem","position":1,"name":"Home","item":"https:\/\/www.fbl-it.it\/fr\/"},{"@type":"ListItem","position":2,"name":"TRAITEMENTS THERMIQUES"}]},{"@type":"WebSite","@id":"https:\/\/www.fbl-it.it\/#website","url":"https:\/\/www.fbl-it.it\/","name":"FBL Food Machinery","description":"www.fbl-it.it Costruiamo depalettizzatori, discensori, soffianti, riempitrici, colmatrici, dosatrici, capsulatrici, lavatrici, pastorizzatori, controllo vuoto e sistemi di trasporto","potentialAction":[{"@type":"SearchAction","target":{"@type":"EntryPoint","urlTemplate":"https:\/\/www.fbl-it.it\/?s={search_term_string}"},"query-input":{"@type":"PropertyValueSpecification","valueRequired":true,"valueName":"search_term_string"}}],"inLanguage":"fr-FR"}]}},"_links":{"self":[{"href":"https:\/\/www.fbl-it.it\/fr\/wp-json\/wp\/v2\/pages\/10822","targetHints":{"allow":["GET"]}}],"collection":[{"href":"https:\/\/www.fbl-it.it\/fr\/wp-json\/wp\/v2\/pages"}],"about":[{"href":"https:\/\/www.fbl-it.it\/fr\/wp-json\/wp\/v2\/types\/page"}],"author":[{"embeddable":true,"href":"https:\/\/www.fbl-it.it\/fr\/wp-json\/wp\/v2\/users\/6"}],"replies":[{"embeddable":true,"href":"https:\/\/www.fbl-it.it\/fr\/wp-json\/wp\/v2\/comments?post=10822"}],"version-history":[{"count":4,"href":"https:\/\/www.fbl-it.it\/fr\/wp-json\/wp\/v2\/pages\/10822\/revisions"}],"predecessor-version":[{"id":10979,"href":"https:\/\/www.fbl-it.it\/fr\/wp-json\/wp\/v2\/pages\/10822\/revisions\/10979"}],"wp:attachment":[{"href":"https:\/\/www.fbl-it.it\/fr\/wp-json\/wp\/v2\/media?parent=10822"}],"curies":[{"name":"wp","href":"https:\/\/api.w.org\/{rel}","templated":true}]}}