{"id":1791,"date":"2018-02-27T09:33:37","date_gmt":"2018-02-27T08:33:37","guid":{"rendered":"https:\/\/www.fbl-it.it\/palettisation\/"},"modified":"2022-05-05T17:51:45","modified_gmt":"2022-05-05T15:51:45","slug":"palettisation","status":"publish","type":"page","link":"https:\/\/www.fbl-it.it\/fr\/palettisation\/","title":{"rendered":"Palettisation"},"content":{"rendered":"\t\t<div data-elementor-type=\"wp-page\" data-elementor-id=\"1791\" class=\"elementor elementor-1791 elementor-460\" data-elementor-post-type=\"page\">\n\t\t\t\t\t\t<section class=\"elementor-section elementor-top-section elementor-element elementor-element-5067f1c3 elementor-section-full_width elementor-section-height-min-height elementor-section-height-default elementor-section-items-middle elementor-invisible\" data-id=\"5067f1c3\" data-element_type=\"section\" data-e-type=\"section\" data-settings=\"{&quot;background_background&quot;:&quot;classic&quot;,&quot;animation&quot;:&quot;fadeIn&quot;}\">\n\t\t\t\t\t\t<div class=\"elementor-container elementor-column-gap-default\">\n\t\t\t\t\t<div class=\"elementor-column elementor-col-100 elementor-top-column elementor-element elementor-element-105f4aa2\" data-id=\"105f4aa2\" data-element_type=\"column\" data-e-type=\"column\">\n\t\t\t<div class=\"elementor-widget-wrap\">\n\t\t\t\t\t\t\t<\/div>\n\t\t<\/div>\n\t\t\t\t\t<\/div>\n\t\t<\/section>\n\t\t\t\t<section class=\"elementor-section elementor-top-section elementor-element elementor-element-7554c97f elementor-section-boxed elementor-section-height-default elementor-section-height-default\" data-id=\"7554c97f\" data-element_type=\"section\" data-e-type=\"section\">\n\t\t\t\t\t\t<div class=\"elementor-container elementor-column-gap-wide\">\n\t\t\t\t\t<div class=\"elementor-column elementor-col-33 elementor-top-column elementor-element elementor-element-447d641b\" data-id=\"447d641b\" data-element_type=\"column\" data-e-type=\"column\">\n\t\t\t<div class=\"elementor-widget-wrap elementor-element-populated\">\n\t\t\t\t\t\t<div class=\"elementor-element elementor-element-5fdc9d2 elementor-invisible elementor-widget elementor-widget-heading\" data-id=\"5fdc9d2\" data-element_type=\"widget\" data-e-type=\"widget\" data-settings=\"{&quot;_animation&quot;:&quot;fadeInLeft&quot;}\" data-widget_type=\"heading.default\">\n\t\t\t\t\t<h1 class=\"elementor-heading-title elementor-size-xl\">PALETTISATION<\/h1>\t\t\t\t<\/div>\n\t\t\t\t<div class=\"elementor-element elementor-element-20854b1f animated-slow elementor-invisible elementor-widget elementor-widget-spacer\" data-id=\"20854b1f\" data-element_type=\"widget\" data-e-type=\"widget\" data-settings=\"{&quot;_animation&quot;:&quot;fadeInLeft&quot;}\" data-widget_type=\"spacer.default\">\n\t\t\t\t\t\t\t<div class=\"elementor-spacer\">\n\t\t\t<div class=\"elementor-spacer-inner\"><\/div>\n\t\t<\/div>\n\t\t\t\t\t\t<\/div>\n\t\t\t\t\t<\/div>\n\t\t<\/div>\n\t\t\t\t<div class=\"elementor-column elementor-col-33 elementor-top-column elementor-element elementor-element-4e6fb9f8 animated-slow elementor-invisible\" data-id=\"4e6fb9f8\" data-element_type=\"column\" data-e-type=\"column\" data-settings=\"{&quot;animation&quot;:&quot;fadeIn&quot;}\">\n\t\t\t<div class=\"elementor-widget-wrap elementor-element-populated\">\n\t\t\t\t\t\t<div class=\"elementor-element elementor-element-42bf337 elementor-widget elementor-widget-text-editor\" data-id=\"42bf337\" data-element_type=\"widget\" data-e-type=\"widget\" data-widget_type=\"text-editor.default\">\n\t\t\t\t\t\t\t\t\t<p class=\"p1\">Machines adapt\u00e9es aussi bien \u00e0 la seule <strong>palettisation<\/strong> ainsi qu\u2019au syst\u00e8me combin\u00e9 <strong>palettisation + d\u00e9palettisation<\/strong>, selon les mod\u00e8les, les couches de bocaux en vrac, les fardeaux, les bo\u00eetes, les canettes.<\/p><p class=\"p1\">La t\u00eate de prise est \u00e9tudi\u00e9e selon l\u2019application requise (magn\u00e9tique pour la prise de la couche, \u00e0 pince pour la prise des fardeaux, \u00e0 peigne en cas de produits d\u00e9licats, etc.).<\/p><p class=\"p1\">La gamme est compos\u00e9e de syst\u00e8mes avec entr\u00e9e par le haut ou par le bas, avec syst\u00e8me automatique, ou robotis\u00e9. Le choix de la solution d\u00e9pend des besoins du client li\u00e9s \u00e0 la productivit\u00e9, \u00e0 la flexibilit\u00e9 et \u00e0 la disposition de la ligne.<\/p>\t\t\t\t\t\t\t\t<\/div>\n\t\t\t\t<div class=\"elementor-element elementor-element-1c79a451 elementor-icon-list--layout-traditional elementor-list-item-link-full_width elementor-widget elementor-widget-icon-list\" data-id=\"1c79a451\" data-element_type=\"widget\" data-e-type=\"widget\" data-widget_type=\"icon-list.default\">\n\t\t\t\t\t\t\t<ul class=\"elementor-icon-list-items\">\n\t\t\t\t\t\t\t<li class=\"elementor-icon-list-item\">\n\t\t\t\t\t\t\t\t\t\t\t<span class=\"elementor-icon-list-icon\">\n\t\t\t\t\t\t\t<i aria-hidden=\"true\" class=\"fas fa-angle-right\"><\/i>\t\t\t\t\t\t<\/span>\n\t\t\t\t\t\t\t\t\t\t<span class=\"elementor-icon-list-text\">Palettiseur par le bas<\/span>\n\t\t\t\t\t\t\t\t\t<\/li>\n\t\t\t\t\t\t\t\t<li class=\"elementor-icon-list-item\">\n\t\t\t\t\t\t\t\t\t\t\t<span class=\"elementor-icon-list-icon\">\n\t\t\t\t\t\t\t<i aria-hidden=\"true\" class=\"fas fa-angle-right\"><\/i>\t\t\t\t\t\t<\/span>\n\t\t\t\t\t\t\t\t\t\t<span class=\"elementor-icon-list-text\">Palettiseur par le haut<\/span>\n\t\t\t\t\t\t\t\t\t<\/li>\n\t\t\t\t\t\t\t\t<li class=\"elementor-icon-list-item\">\n\t\t\t\t\t\t\t\t\t\t\t<span class=\"elementor-icon-list-icon\">\n\t\t\t\t\t\t\t<i aria-hidden=\"true\" class=\"fas fa-angle-right\"><\/i>\t\t\t\t\t\t<\/span>\n\t\t\t\t\t\t\t\t\t\t<span class=\"elementor-icon-list-text\">Palettiseur \u00e0 Robot<\/span>\n\t\t\t\t\t\t\t\t\t<\/li>\n\t\t\t\t\t\t\t\t<li class=\"elementor-icon-list-item\">\n\t\t\t\t\t\t\t\t\t\t\t<span class=\"elementor-icon-list-icon\">\n\t\t\t\t\t\t\t<i aria-hidden=\"true\" class=\"fas fa-angle-right\"><\/i>\t\t\t\t\t\t<\/span>\n\t\t\t\t\t\t\t\t\t\t<span class=\"elementor-icon-list-text\">Syst\u00e8me palettiseur + d\u00e9palettiseur \u00e0 Robot<\/span>\n\t\t\t\t\t\t\t\t\t<\/li>\n\t\t\t\t\t\t\t\t<li class=\"elementor-icon-list-item\">\n\t\t\t\t\t\t\t\t\t\t\t<span class=\"elementor-icon-list-icon\">\n\t\t\t\t\t\t\t<i aria-hidden=\"true\" class=\"fas fa-angle-right\"><\/i>\t\t\t\t\t\t<\/span>\n\t\t\t\t\t\t\t\t\t\t<span class=\"elementor-icon-list-text\">Syst\u00e8me palettiseur + d\u00e9palettiseur (traditionnel)<\/span>\n\t\t\t\t\t\t\t\t\t<\/li>\n\t\t\t\t\t\t<\/ul>\n\t\t\t\t\t\t<\/div>\n\t\t\t\t\t<\/div>\n\t\t<\/div>\n\t\t\t\t<div class=\"elementor-column elementor-col-33 elementor-top-column elementor-element elementor-element-ae3cf02\" data-id=\"ae3cf02\" data-element_type=\"column\" data-e-type=\"column\">\n\t\t\t<div class=\"elementor-widget-wrap elementor-element-populated\">\n\t\t\t\t\t\t<div class=\"elementor-element elementor-element-77e6ec7d elementor-invisible elementor-widget elementor-widget-image\" data-id=\"77e6ec7d\" data-element_type=\"widget\" data-e-type=\"widget\" data-settings=\"{&quot;_animation&quot;:&quot;fadeInRight&quot;}\" data-widget_type=\"image.default\">\n\t\t\t\t\t\t\t\t\t\t\t\t\t\t\t<img fetchpriority=\"high\" decoding=\"async\" width=\"600\" height=\"600\" src=\"https:\/\/www.fbl-it.it\/wp-content\/uploads\/2022\/02\/icona-pallettizzazione-1.png\" class=\"attachment-large size-large wp-image-6403\" alt=\"\" srcset=\"https:\/\/www.fbl-it.it\/wp-content\/uploads\/2022\/02\/icona-pallettizzazione-1.png 600w, https:\/\/www.fbl-it.it\/wp-content\/uploads\/2022\/02\/icona-pallettizzazione-1-300x300.png 300w, https:\/\/www.fbl-it.it\/wp-content\/uploads\/2022\/02\/icona-pallettizzazione-1-150x150.png 150w\" sizes=\"(max-width: 600px) 100vw, 600px\" \/>\t\t\t\t\t\t\t\t\t\t\t\t\t\t\t<\/div>\n\t\t\t\t<div class=\"elementor-element elementor-element-ddece4 animated-slow elementor-invisible elementor-widget elementor-widget-spacer\" data-id=\"ddece4\" data-element_type=\"widget\" data-e-type=\"widget\" data-settings=\"{&quot;_animation&quot;:&quot;fadeInRight&quot;}\" data-widget_type=\"spacer.default\">\n\t\t\t\t\t\t\t<div class=\"elementor-spacer\">\n\t\t\t<div class=\"elementor-spacer-inner\"><\/div>\n\t\t<\/div>\n\t\t\t\t\t\t<\/div>\n\t\t\t\t\t<\/div>\n\t\t<\/div>\n\t\t\t\t\t<\/div>\n\t\t<\/section>\n\t\t\t\t<section class=\"elementor-section elementor-top-section elementor-element elementor-element-658b666b elementor-section-full_width elementor-section-height-default elementor-section-height-default elementor-invisible\" data-id=\"658b666b\" data-element_type=\"section\" data-e-type=\"section\" data-settings=\"{&quot;animation&quot;:&quot;fadeInUp&quot;}\">\n\t\t\t\t\t\t<div class=\"elementor-container elementor-column-gap-default\">\n\t\t\t\t\t<div class=\"elementor-column elementor-col-100 elementor-top-column elementor-element elementor-element-4ddf7267\" data-id=\"4ddf7267\" data-element_type=\"column\" data-e-type=\"column\">\n\t\t\t<div class=\"elementor-widget-wrap elementor-element-populated\">\n\t\t\t\t\t\t<div class=\"elementor-element elementor-element-6c0fa494 elementor-icon-list--layout-inline elementor-align-center elementor-list-item-link-full_width elementor-widget elementor-widget-icon-list\" data-id=\"6c0fa494\" data-element_type=\"widget\" data-e-type=\"widget\" data-widget_type=\"icon-list.default\">\n\t\t\t\t\t\t\t<ul class=\"elementor-icon-list-items elementor-inline-items\">\n\t\t\t\t\t\t\t<li class=\"elementor-icon-list-item elementor-inline-item\">\n\t\t\t\t\t\t\t\t\t\t\t<span class=\"elementor-icon-list-icon\">\n\t\t\t\t\t\t\t<svg xmlns=\"http:\/\/www.w3.org\/2000\/svg\" xmlns:xlink=\"http:\/\/www.w3.org\/1999\/xlink\" id=\"Livello_1\" x=\"0px\" y=\"0px\" width=\"29.557px\" height=\"30.049px\" viewBox=\"0 0 29.557 30.049\" xml:space=\"preserve\"><polygon fill=\"#C40941\" points=\"24.582,9.933 14.668,19.846 4.854,10.033 3.605,11.28 14.789,22.463 25.951,11.3 \"><\/polygon><\/svg>\t\t\t\t\t\t<\/span>\n\t\t\t\t\t\t\t\t\t\t<span class=\"elementor-icon-list-text\">MOD\u00c8LES<\/span>\n\t\t\t\t\t\t\t\t\t<\/li>\n\t\t\t\t\t\t<\/ul>\n\t\t\t\t\t\t<\/div>\n\t\t\t\t<div class=\"elementor-element elementor-element-4bbeeec3 premium-blog__carousel-yes premium-blog-align-left elementor-widget elementor-widget-premium-addon-blog\" data-id=\"4bbeeec3\" data-element_type=\"widget\" data-e-type=\"widget\" data-settings=\"{&quot;premium_blog_columns_number&quot;:&quot;33.33%&quot;,&quot;premium_blog_carousel&quot;:&quot;yes&quot;,&quot;slides_to_scroll&quot;:1,&quot;premium_blog_carousel_dots&quot;:&quot;yes&quot;,&quot;premium_blog_grid&quot;:&quot;yes&quot;,&quot;premium_blog_layout&quot;:&quot;even&quot;,&quot;premium_blog_columns_number_tablet&quot;:&quot;50%&quot;,&quot;premium_blog_columns_number_mobile&quot;:&quot;100%&quot;,&quot;carousel_speed&quot;:300,&quot;premium_blog_carousel_spacing&quot;:&quot;15&quot;,&quot;premium_blog_carousel_arrows&quot;:&quot;yes&quot;,&quot;arrows_position&quot;:&quot;default&quot;}\" data-widget_type=\"premium-addon-blog.default\">\n\t\t\t\t\t\n\t\t\n\n\t\t\t\t<div class=\"premium-blog-wrap  premium-blog-even premium-carousel-hidden\" data-page=\"1791\">\n\t\t\t\t\t\t\t\t\t<div class=\"premium-blog-post-outer-container\" data-total=\"1\">\n\t\t\t<div class=\"premium-blog-post-container premium-blog-skin-banner\">\n\t\t\t\t\t\t\t\t\t<div class=\"premium-blog-thumb-effect-wrapper\">\n\t\t\t\t\t\t<div class=\"premium-blog-thumbnail-container premium-blog-none-effect\">\n\t\t\t\t\t\t\t<img decoding=\"async\" src=\"https:\/\/www.fbl-it.it\/wp-content\/uploads\/elementor\/thumbs\/Palettizzatore-FL-PAL._ROB.-a-robot-con-pinza_001-ndtlahtrtg4r6e5scwwfmwg3owl0qv2sgm2qorzdq8.jpg\" title=\"Palettizzatore FL-PAL._ROB. a robot con pinza_001\" alt=\"Palettizzatore FL-PAL._ROB. a robot con pinza_001\" loading=\"lazy\" \/>\t\t\t\t\t\t<\/div>\n\t\t\t\t\t\t\t\t\t\t\t\t\t<div class=\"premium-blog-thumbnail-overlay\">\n\t\t\t\t\t\t\t\t<a class=\"elementor-icon\" href=\"https:\/\/www.fbl-it.it\/fr\/projects\/palettiseur-fl-pal-a-robot-avec-pince\/\" target=\"_self\"><\/a>\n\t\t\t\t\t\t\t<\/div>\n\n\t\t\t\t\t\t\t\t\t\t\t\t\t\t\t\t\t\t<\/div>\n\t\t\t\t\t\t\t\t\t\t\t\t<div class=\"premium-blog-content-wrapper \">\n\n\t\t\t\t\t<div class=\"premium-blog-inner-container\">\n\n\t\t\t\t\t\t\t\t\t\t\t\t\t\t<h2 class=\"premium-blog-entry-title\">\n\t\t\t<a href=\"https:\/\/www.fbl-it.it\/fr\/projects\/palettiseur-fl-pal-a-robot-avec-pince\/\" target=\"_self\">\n\t\t\t\tPalettiseur FL-PAL \u00e0 robot avec pince\t\t\t<\/a>\n\t\t<\/h2>\n\t\t\t\t<div class=\"premium-blog-entry-meta\">\n\t\t\t\n\t\t\t\n\t\t\t\n\t\t\t\t\t<\/div>\n\t\t\n\t\t\t\t\t<\/div>\n\n\t\t\t\t\t\t\t\t\t\t\n\t\t\t\t<\/div>\n\t\t\t<\/div>\n\t\t<\/div>\n\n\t\t\t\t<div class=\"premium-blog-post-outer-container\" data-total=\"1\">\n\t\t\t<div class=\"premium-blog-post-container premium-blog-skin-banner\">\n\t\t\t\t\t\t\t\t\t<div class=\"premium-blog-thumb-effect-wrapper\">\n\t\t\t\t\t\t<div class=\"premium-blog-thumbnail-container premium-blog-none-effect\">\n\t\t\t\t\t\t\t<img decoding=\"async\" src=\"https:\/\/www.fbl-it.it\/wp-content\/uploads\/elementor\/thumbs\/Palettizzatore-FL-PAL._ROB.-a-robot-con-pinza_001-1-ndtlnv350mfkaqqqaoxf3j03u6oy7w5cys3ceg5t8g.jpg\" title=\"Palettizzatore FL-PAL._ROB. a robot con pinza_001\" alt=\"Palettizzatore FL-PAL._ROB. a robot con pinza_001\" loading=\"lazy\" \/>\t\t\t\t\t\t<\/div>\n\t\t\t\t\t\t\t\t\t\t\t\t\t<div class=\"premium-blog-thumbnail-overlay\">\n\t\t\t\t\t\t\t\t<a class=\"elementor-icon\" href=\"https:\/\/www.fbl-it.it\/fr\/projects\/palettiseur-fl-pal-a-robot-couche\/\" target=\"_self\"><\/a>\n\t\t\t\t\t\t\t<\/div>\n\n\t\t\t\t\t\t\t\t\t\t\t\t\t\t\t\t\t\t<\/div>\n\t\t\t\t\t\t\t\t\t\t\t\t<div class=\"premium-blog-content-wrapper \">\n\n\t\t\t\t\t<div class=\"premium-blog-inner-container\">\n\n\t\t\t\t\t\t\t\t\t\t\t\t\t\t<h2 class=\"premium-blog-entry-title\">\n\t\t\t<a href=\"https:\/\/www.fbl-it.it\/fr\/projects\/palettiseur-fl-pal-a-robot-couche\/\" target=\"_self\">\n\t\t\t\tPalettiseur FL-PAL \u00e0 robot couche\t\t\t<\/a>\n\t\t<\/h2>\n\t\t\t\t<div class=\"premium-blog-entry-meta\">\n\t\t\t\n\t\t\t\n\t\t\t\n\t\t\t\t\t<\/div>\n\t\t\n\t\t\t\t\t<\/div>\n\n\t\t\t\t\t\t\t\t\t\t\n\t\t\t\t<\/div>\n\t\t\t<\/div>\n\t\t<\/div>\n\n\t\t\t\t<div class=\"premium-blog-post-outer-container\" data-total=\"1\">\n\t\t\t<div class=\"premium-blog-post-container premium-blog-skin-banner\">\n\t\t\t\t\t\t\t\t\t<div class=\"premium-blog-thumb-effect-wrapper\">\n\t\t\t\t\t\t<div class=\"premium-blog-thumbnail-container premium-blog-none-effect\">\n\t\t\t\t\t\t\t<img decoding=\"async\" src=\"https:\/\/www.fbl-it.it\/wp-content\/uploads\/elementor\/thumbs\/Palettizzatori-depalettizzatori_000-ndtlwths4sowwzqf02agcrn7lcjuk2paj3uw0cvry8.jpg\" title=\"Palettizzatori-depalettizzatori_000\" alt=\"Palettizzatori-depalettizzatori_000\" loading=\"lazy\" \/>\t\t\t\t\t\t<\/div>\n\t\t\t\t\t\t\t\t\t\t\t\t\t<div class=\"premium-blog-thumbnail-overlay\">\n\t\t\t\t\t\t\t\t<a class=\"elementor-icon\" href=\"https:\/\/www.fbl-it.it\/fr\/projects\/palettiseur-depalettiseur-fl-pal_depal-a-robot\/\" target=\"_self\"><\/a>\n\t\t\t\t\t\t\t<\/div>\n\n\t\t\t\t\t\t\t\t\t\t\t\t\t\t\t\t\t\t<\/div>\n\t\t\t\t\t\t\t\t\t\t\t\t<div class=\"premium-blog-content-wrapper \">\n\n\t\t\t\t\t<div class=\"premium-blog-inner-container\">\n\n\t\t\t\t\t\t\t\t\t\t\t\t\t\t<h2 class=\"premium-blog-entry-title\">\n\t\t\t<a href=\"https:\/\/www.fbl-it.it\/fr\/projects\/palettiseur-depalettiseur-fl-pal_depal-a-robot\/\" target=\"_self\">\n\t\t\t\tPalettiseur d\u00e9palettiseur FL-PAL_DEPAL \u00e0 robot\t\t\t<\/a>\n\t\t<\/h2>\n\t\t\t\t<div class=\"premium-blog-entry-meta\">\n\t\t\t\n\t\t\t\n\t\t\t\n\t\t\t\t\t<\/div>\n\t\t\n\t\t\t\t\t<\/div>\n\n\t\t\t\t\t\t\t\t\t\t\n\t\t\t\t<\/div>\n\t\t\t<\/div>\n\t\t<\/div>\n\n\t\t\t\t\t\t\t<\/div>\n\n\t\t\n\t\t\n\t\t\t\t\t\t<\/div>\n\t\t\t\t\t<\/div>\n\t\t<\/div>\n\t\t\t\t\t<\/div>\n\t\t<\/section>\n\t\t\t\t<section class=\"elementor-section elementor-top-section elementor-element elementor-element-4523ccf elementor-section-full_width elementor-hidden-desktop elementor-hidden-tablet elementor-hidden-mobile elementor-section-height-default elementor-section-height-default elementor-invisible\" data-id=\"4523ccf\" data-element_type=\"section\" data-e-type=\"section\" data-settings=\"{&quot;background_background&quot;:&quot;classic&quot;,&quot;animation&quot;:&quot;fadeInUp&quot;}\">\n\t\t\t\t\t\t<div class=\"elementor-container elementor-column-gap-no\">\n\t\t\t\t\t<div class=\"elementor-column elementor-col-100 elementor-top-column elementor-element elementor-element-528eebc8\" data-id=\"528eebc8\" data-element_type=\"column\" data-e-type=\"column\">\n\t\t\t<div class=\"elementor-widget-wrap elementor-element-populated\">\n\t\t\t\t\t\t\t<\/div>\n\t\t<\/div>\n\t\t\t\t\t<\/div>\n\t\t<\/section>\n\t\t\t\t<\/div>\n\t\t","protected":false},"excerpt":{"rendered":"<p>PALETTISATION Machines adapt\u00e9es aussi bien \u00e0 la seule palettisation ainsi qu\u2019au syst\u00e8me combin\u00e9 palettisation + d\u00e9palettisation, selon les mod\u00e8les, les couches de bocaux en vrac, les fardeaux, les bo\u00eetes, les canettes. La t\u00eate de prise est \u00e9tudi\u00e9e selon l\u2019application requise (magn\u00e9tique pour la prise de la couche, \u00e0 pince pour la prise des fardeaux, \u00e0 [&hellip;]<\/p>\n","protected":false},"author":3,"featured_media":0,"parent":0,"menu_order":73,"comment_status":"closed","ping_status":"closed","template":"elementor_header_footer","meta":{"_acf_changed":false,"inline_featured_image":false,"footnotes":""},"class_list":["post-1791","page","type-page","status-publish","hentry"],"acf":[],"yoast_head":"<!-- This site is optimized with the Yoast SEO plugin v27.3 - https:\/\/yoast.com\/product\/yoast-seo-wordpress\/ -->\n<title>Palettisation - FBL Food Machinery<\/title>\n<meta name=\"robots\" content=\"index, follow, max-snippet:-1, max-image-preview:large, max-video-preview:-1\" \/>\n<link rel=\"canonical\" href=\"https:\/\/www.fbl-it.it\/fr\/palettisation\/\" \/>\n<meta property=\"og:locale\" content=\"fr_FR\" \/>\n<meta property=\"og:type\" content=\"article\" \/>\n<meta property=\"og:title\" content=\"Palettisation - FBL Food Machinery\" \/>\n<meta property=\"og:description\" content=\"PALETTISATION Machines adapt\u00e9es aussi bien \u00e0 la seule palettisation ainsi qu\u2019au syst\u00e8me combin\u00e9 palettisation + d\u00e9palettisation, selon les mod\u00e8les, les couches de bocaux en vrac, les fardeaux, les bo\u00eetes, les canettes. La t\u00eate de prise est \u00e9tudi\u00e9e selon l\u2019application requise (magn\u00e9tique pour la prise de la couche, \u00e0 pince pour la prise des fardeaux, \u00e0 [&hellip;]\" \/>\n<meta property=\"og:url\" content=\"https:\/\/www.fbl-it.it\/fr\/palettisation\/\" \/>\n<meta property=\"og:site_name\" content=\"FBL Food Machinery\" \/>\n<meta property=\"article:modified_time\" content=\"2022-05-05T15:51:45+00:00\" \/>\n<meta property=\"og:image\" content=\"https:\/\/www.fbl-it.it\/wp-content\/uploads\/2022\/02\/icona-pallettizzazione-1.png\" \/>\n<meta name=\"twitter:card\" content=\"summary_large_image\" \/>\n<meta name=\"twitter:label1\" content=\"Dur\u00e9e de lecture estim\u00e9e\" \/>\n\t<meta name=\"twitter:data1\" content=\"3 minutes\" \/>\n<script type=\"application\/ld+json\" class=\"yoast-schema-graph\">{\"@context\":\"https:\\\/\\\/schema.org\",\"@graph\":[{\"@type\":\"WebPage\",\"@id\":\"https:\\\/\\\/www.fbl-it.it\\\/fr\\\/palettisation\\\/\",\"url\":\"https:\\\/\\\/www.fbl-it.it\\\/fr\\\/palettisation\\\/\",\"name\":\"Palettisation - FBL Food Machinery\",\"isPartOf\":{\"@id\":\"https:\\\/\\\/www.fbl-it.it\\\/#website\"},\"primaryImageOfPage\":{\"@id\":\"https:\\\/\\\/www.fbl-it.it\\\/fr\\\/palettisation\\\/#primaryimage\"},\"image\":{\"@id\":\"https:\\\/\\\/www.fbl-it.it\\\/fr\\\/palettisation\\\/#primaryimage\"},\"thumbnailUrl\":\"https:\\\/\\\/www.fbl-it.it\\\/wp-content\\\/uploads\\\/2022\\\/02\\\/icona-pallettizzazione-1.png\",\"datePublished\":\"2018-02-27T08:33:37+00:00\",\"dateModified\":\"2022-05-05T15:51:45+00:00\",\"breadcrumb\":{\"@id\":\"https:\\\/\\\/www.fbl-it.it\\\/fr\\\/palettisation\\\/#breadcrumb\"},\"inLanguage\":\"fr-FR\",\"potentialAction\":[{\"@type\":\"ReadAction\",\"target\":[\"https:\\\/\\\/www.fbl-it.it\\\/fr\\\/palettisation\\\/\"]}]},{\"@type\":\"ImageObject\",\"inLanguage\":\"fr-FR\",\"@id\":\"https:\\\/\\\/www.fbl-it.it\\\/fr\\\/palettisation\\\/#primaryimage\",\"url\":\"https:\\\/\\\/www.fbl-it.it\\\/wp-content\\\/uploads\\\/2022\\\/02\\\/icona-pallettizzazione-1.png\",\"contentUrl\":\"https:\\\/\\\/www.fbl-it.it\\\/wp-content\\\/uploads\\\/2022\\\/02\\\/icona-pallettizzazione-1.png\"},{\"@type\":\"BreadcrumbList\",\"@id\":\"https:\\\/\\\/www.fbl-it.it\\\/fr\\\/palettisation\\\/#breadcrumb\",\"itemListElement\":[{\"@type\":\"ListItem\",\"position\":1,\"name\":\"Home\",\"item\":\"https:\\\/\\\/www.fbl-it.it\\\/fr\\\/\"},{\"@type\":\"ListItem\",\"position\":2,\"name\":\"Palettisation\"}]},{\"@type\":\"WebSite\",\"@id\":\"https:\\\/\\\/www.fbl-it.it\\\/#website\",\"url\":\"https:\\\/\\\/www.fbl-it.it\\\/\",\"name\":\"FBL Food Machinery\",\"description\":\"www.fbl-it.it Costruiamo depalettizzatori, discensori, soffianti, riempitrici, colmatrici, dosatrici, capsulatrici, lavatrici, pastorizzatori, controllo vuoto e sistemi di trasporto\",\"potentialAction\":[{\"@type\":\"SearchAction\",\"target\":{\"@type\":\"EntryPoint\",\"urlTemplate\":\"https:\\\/\\\/www.fbl-it.it\\\/?s={search_term_string}\"},\"query-input\":{\"@type\":\"PropertyValueSpecification\",\"valueRequired\":true,\"valueName\":\"search_term_string\"}}],\"inLanguage\":\"fr-FR\"}]}<\/script>\n<!-- \/ Yoast SEO plugin. -->","yoast_head_json":{"title":"Palettisation - FBL Food Machinery","robots":{"index":"index","follow":"follow","max-snippet":"max-snippet:-1","max-image-preview":"max-image-preview:large","max-video-preview":"max-video-preview:-1"},"canonical":"https:\/\/www.fbl-it.it\/fr\/palettisation\/","og_locale":"fr_FR","og_type":"article","og_title":"Palettisation - FBL Food Machinery","og_description":"PALETTISATION Machines adapt\u00e9es aussi bien \u00e0 la seule palettisation ainsi qu\u2019au syst\u00e8me combin\u00e9 palettisation + d\u00e9palettisation, selon les mod\u00e8les, les couches de bocaux en vrac, les fardeaux, les bo\u00eetes, les canettes. La t\u00eate de prise est \u00e9tudi\u00e9e selon l\u2019application requise (magn\u00e9tique pour la prise de la couche, \u00e0 pince pour la prise des fardeaux, \u00e0 [&hellip;]","og_url":"https:\/\/www.fbl-it.it\/fr\/palettisation\/","og_site_name":"FBL Food Machinery","article_modified_time":"2022-05-05T15:51:45+00:00","og_image":[{"url":"https:\/\/www.fbl-it.it\/wp-content\/uploads\/2022\/02\/icona-pallettizzazione-1.png","type":"","width":"","height":""}],"twitter_card":"summary_large_image","twitter_misc":{"Dur\u00e9e de lecture estim\u00e9e":"3 minutes"},"schema":{"@context":"https:\/\/schema.org","@graph":[{"@type":"WebPage","@id":"https:\/\/www.fbl-it.it\/fr\/palettisation\/","url":"https:\/\/www.fbl-it.it\/fr\/palettisation\/","name":"Palettisation - FBL Food Machinery","isPartOf":{"@id":"https:\/\/www.fbl-it.it\/#website"},"primaryImageOfPage":{"@id":"https:\/\/www.fbl-it.it\/fr\/palettisation\/#primaryimage"},"image":{"@id":"https:\/\/www.fbl-it.it\/fr\/palettisation\/#primaryimage"},"thumbnailUrl":"https:\/\/www.fbl-it.it\/wp-content\/uploads\/2022\/02\/icona-pallettizzazione-1.png","datePublished":"2018-02-27T08:33:37+00:00","dateModified":"2022-05-05T15:51:45+00:00","breadcrumb":{"@id":"https:\/\/www.fbl-it.it\/fr\/palettisation\/#breadcrumb"},"inLanguage":"fr-FR","potentialAction":[{"@type":"ReadAction","target":["https:\/\/www.fbl-it.it\/fr\/palettisation\/"]}]},{"@type":"ImageObject","inLanguage":"fr-FR","@id":"https:\/\/www.fbl-it.it\/fr\/palettisation\/#primaryimage","url":"https:\/\/www.fbl-it.it\/wp-content\/uploads\/2022\/02\/icona-pallettizzazione-1.png","contentUrl":"https:\/\/www.fbl-it.it\/wp-content\/uploads\/2022\/02\/icona-pallettizzazione-1.png"},{"@type":"BreadcrumbList","@id":"https:\/\/www.fbl-it.it\/fr\/palettisation\/#breadcrumb","itemListElement":[{"@type":"ListItem","position":1,"name":"Home","item":"https:\/\/www.fbl-it.it\/fr\/"},{"@type":"ListItem","position":2,"name":"Palettisation"}]},{"@type":"WebSite","@id":"https:\/\/www.fbl-it.it\/#website","url":"https:\/\/www.fbl-it.it\/","name":"FBL Food Machinery","description":"www.fbl-it.it Costruiamo depalettizzatori, discensori, soffianti, riempitrici, colmatrici, dosatrici, capsulatrici, lavatrici, pastorizzatori, controllo vuoto e sistemi di trasporto","potentialAction":[{"@type":"SearchAction","target":{"@type":"EntryPoint","urlTemplate":"https:\/\/www.fbl-it.it\/?s={search_term_string}"},"query-input":{"@type":"PropertyValueSpecification","valueRequired":true,"valueName":"search_term_string"}}],"inLanguage":"fr-FR"}]}},"_links":{"self":[{"href":"https:\/\/www.fbl-it.it\/fr\/wp-json\/wp\/v2\/pages\/1791","targetHints":{"allow":["GET"]}}],"collection":[{"href":"https:\/\/www.fbl-it.it\/fr\/wp-json\/wp\/v2\/pages"}],"about":[{"href":"https:\/\/www.fbl-it.it\/fr\/wp-json\/wp\/v2\/types\/page"}],"author":[{"embeddable":true,"href":"https:\/\/www.fbl-it.it\/fr\/wp-json\/wp\/v2\/users\/3"}],"replies":[{"embeddable":true,"href":"https:\/\/www.fbl-it.it\/fr\/wp-json\/wp\/v2\/comments?post=1791"}],"version-history":[{"count":12,"href":"https:\/\/www.fbl-it.it\/fr\/wp-json\/wp\/v2\/pages\/1791\/revisions"}],"predecessor-version":[{"id":9781,"href":"https:\/\/www.fbl-it.it\/fr\/wp-json\/wp\/v2\/pages\/1791\/revisions\/9781"}],"wp:attachment":[{"href":"https:\/\/www.fbl-it.it\/fr\/wp-json\/wp\/v2\/media?parent=1791"}],"curies":[{"name":"wp","href":"https:\/\/api.w.org\/{rel}","templated":true}]}}