{"id":1796,"date":"2018-02-27T09:33:43","date_gmt":"2018-02-27T08:33:43","guid":{"rendered":"https:\/\/www.fbl-it.it\/transporteurs\/"},"modified":"2022-05-05T17:45:09","modified_gmt":"2022-05-05T15:45:09","slug":"transporteurs","status":"publish","type":"page","link":"https:\/\/www.fbl-it.it\/fr\/transporteurs\/","title":{"rendered":"Transporteurs"},"content":{"rendered":"\t\t<div data-elementor-type=\"wp-page\" data-elementor-id=\"1796\" class=\"elementor elementor-1796 elementor-335\" data-elementor-post-type=\"page\">\n\t\t\t\t\t\t<section class=\"elementor-section elementor-top-section elementor-element elementor-element-2e287f96 elementor-section-full_width elementor-section-height-min-height elementor-section-height-default elementor-section-items-middle elementor-invisible\" data-id=\"2e287f96\" data-element_type=\"section\" data-e-type=\"section\" data-settings=\"{&quot;background_background&quot;:&quot;slideshow&quot;,&quot;animation&quot;:&quot;fadeIn&quot;,&quot;background_slideshow_gallery&quot;:[{&quot;id&quot;:6198,&quot;url&quot;:&quot;https:\\\/\\\/www.fbl-it.it\\\/wp-content\\\/uploads\\\/2022\\\/02\\\/FBL-testata-trasportatore-2_S5A5197_DEPA.jpg&quot;},{&quot;id&quot;:1206,&quot;url&quot;:&quot;https:\\\/\\\/www.fbl-it.it\\\/wp-content\\\/uploads\\\/2017\\\/08\\\/fbl_trasportatori_slider.jpg&quot;}],&quot;background_slideshow_loop&quot;:&quot;yes&quot;,&quot;background_slideshow_slide_duration&quot;:5000,&quot;background_slideshow_slide_transition&quot;:&quot;fade&quot;,&quot;background_slideshow_transition_duration&quot;:500}\">\n\t\t\t\t\t\t<div class=\"elementor-container elementor-column-gap-default\">\n\t\t\t\t\t<div class=\"elementor-column elementor-col-100 elementor-top-column elementor-element elementor-element-73673ba7\" data-id=\"73673ba7\" data-element_type=\"column\" data-e-type=\"column\">\n\t\t\t<div class=\"elementor-widget-wrap\">\n\t\t\t\t\t\t\t<\/div>\n\t\t<\/div>\n\t\t\t\t\t<\/div>\n\t\t<\/section>\n\t\t\t\t<section class=\"elementor-section elementor-top-section elementor-element elementor-element-2985c6e1 elementor-section-boxed elementor-section-height-default elementor-section-height-default\" data-id=\"2985c6e1\" data-element_type=\"section\" data-e-type=\"section\">\n\t\t\t\t\t\t<div class=\"elementor-container elementor-column-gap-wide\">\n\t\t\t\t\t<div class=\"elementor-column elementor-col-33 elementor-top-column elementor-element elementor-element-1c6fd56c\" data-id=\"1c6fd56c\" data-element_type=\"column\" data-e-type=\"column\">\n\t\t\t<div class=\"elementor-widget-wrap elementor-element-populated\">\n\t\t\t\t\t\t<div class=\"elementor-element elementor-element-7d431223 elementor-invisible elementor-widget elementor-widget-heading\" data-id=\"7d431223\" data-element_type=\"widget\" data-e-type=\"widget\" data-settings=\"{&quot;_animation&quot;:&quot;fadeInLeft&quot;}\" data-widget_type=\"heading.default\">\n\t\t\t\t\t<h1 class=\"elementor-heading-title elementor-size-xl\">TRANSPORTEURS<\/h1>\t\t\t\t<\/div>\n\t\t\t\t<div class=\"elementor-element elementor-element-69a03a22 animated-slow elementor-invisible elementor-widget elementor-widget-spacer\" data-id=\"69a03a22\" data-element_type=\"widget\" data-e-type=\"widget\" data-settings=\"{&quot;_animation&quot;:&quot;fadeInLeft&quot;}\" data-widget_type=\"spacer.default\">\n\t\t\t\t\t\t\t<div class=\"elementor-spacer\">\n\t\t\t<div class=\"elementor-spacer-inner\"><\/div>\n\t\t<\/div>\n\t\t\t\t\t\t<\/div>\n\t\t\t\t\t<\/div>\n\t\t<\/div>\n\t\t\t\t<div class=\"elementor-column elementor-col-33 elementor-top-column elementor-element elementor-element-65b87e11 animated-slow elementor-invisible\" data-id=\"65b87e11\" data-element_type=\"column\" data-e-type=\"column\" data-settings=\"{&quot;animation&quot;:&quot;fadeIn&quot;}\">\n\t\t\t<div class=\"elementor-widget-wrap elementor-element-populated\">\n\t\t\t\t\t\t<div class=\"elementor-element elementor-element-778d93d4 elementor-widget elementor-widget-text-editor\" data-id=\"778d93d4\" data-element_type=\"widget\" data-e-type=\"widget\" data-widget_type=\"text-editor.default\">\n\t\t\t\t\t\t\t\t\t<p>Syst\u00e8me de <strong>tapis transporteurs<\/strong> n\u00e9cessaires pour le fonctionnement de la ligne de conditionnement et l\u2019int\u00e9gration des diverses machines dont elle est compos\u00e9e. La cat\u00e9gorie des syst\u00e8mes de transport comprend :<\/p>\t\t\t\t\t\t\t\t<\/div>\n\t\t\t\t<div class=\"elementor-element elementor-element-73477246 elementor-icon-list--layout-traditional elementor-list-item-link-full_width elementor-widget elementor-widget-icon-list\" data-id=\"73477246\" data-element_type=\"widget\" data-e-type=\"widget\" data-widget_type=\"icon-list.default\">\n\t\t\t\t\t\t\t<ul class=\"elementor-icon-list-items\">\n\t\t\t\t\t\t\t<li class=\"elementor-icon-list-item\">\n\t\t\t\t\t\t\t\t\t\t\t<span class=\"elementor-icon-list-icon\">\n\t\t\t\t\t\t\t<i aria-hidden=\"true\" class=\"fas fa-angle-right\"><\/i>\t\t\t\t\t\t<\/span>\n\t\t\t\t\t\t\t\t\t\t<span class=\"elementor-icon-list-text\">Tapis transporteurs bocaux\/bo\u00eetes<\/span>\n\t\t\t\t\t\t\t\t\t<\/li>\n\t\t\t\t\t\t\t\t<li class=\"elementor-icon-list-item\">\n\t\t\t\t\t\t\t\t\t\t\t<span class=\"elementor-icon-list-icon\">\n\t\t\t\t\t\t\t<i aria-hidden=\"true\" class=\"fas fa-angle-right\"><\/i>\t\t\t\t\t\t<\/span>\n\t\t\t\t\t\t\t\t\t\t<span class=\"elementor-icon-list-text\">Tapis transporteurs fardeaux et cartons<\/span>\n\t\t\t\t\t\t\t\t\t<\/li>\n\t\t\t\t\t\t\t\t<li class=\"elementor-icon-list-item\">\n\t\t\t\t\t\t\t\t\t\t\t<span class=\"elementor-icon-list-icon\">\n\t\t\t\t\t\t\t<i aria-hidden=\"true\" class=\"fas fa-angle-right\"><\/i>\t\t\t\t\t\t<\/span>\n\t\t\t\t\t\t\t\t\t\t<span class=\"elementor-icon-list-text\">Transporteurs palettes<\/span>\n\t\t\t\t\t\t\t\t\t<\/li>\n\t\t\t\t\t\t\t\t<li class=\"elementor-icon-list-item\">\n\t\t\t\t\t\t\t\t\t\t\t<span class=\"elementor-icon-list-icon\">\n\t\t\t\t\t\t\t<i aria-hidden=\"true\" class=\"fas fa-angle-right\"><\/i>\t\t\t\t\t\t<\/span>\n\t\t\t\t\t\t\t\t\t\t<span class=\"elementor-icon-list-text\">\u00c9l\u00e9vateurs \/ descendeurs<\/span>\n\t\t\t\t\t\t\t\t\t<\/li>\n\t\t\t\t\t\t\t\t<li class=\"elementor-icon-list-item\">\n\t\t\t\t\t\t\t\t\t\t\t<span class=\"elementor-icon-list-icon\">\n\t\t\t\t\t\t\t<i aria-hidden=\"true\" class=\"fas fa-angle-right\"><\/i>\t\t\t\t\t\t<\/span>\n\t\t\t\t\t\t\t\t\t\t<span class=\"elementor-icon-list-text\">Magasins d\u2019accumulation contenants<\/span>\n\t\t\t\t\t\t\t\t\t<\/li>\n\t\t\t\t\t\t<\/ul>\n\t\t\t\t\t\t<\/div>\n\t\t\t\t\t<\/div>\n\t\t<\/div>\n\t\t\t\t<div class=\"elementor-column elementor-col-33 elementor-top-column elementor-element elementor-element-4923473e\" data-id=\"4923473e\" data-element_type=\"column\" data-e-type=\"column\">\n\t\t\t<div class=\"elementor-widget-wrap elementor-element-populated\">\n\t\t\t\t\t\t<div class=\"elementor-element elementor-element-73c4ae67 elementor-invisible elementor-widget elementor-widget-image\" data-id=\"73c4ae67\" data-element_type=\"widget\" data-e-type=\"widget\" data-settings=\"{&quot;_animation&quot;:&quot;fadeInRight&quot;}\" data-widget_type=\"image.default\">\n\t\t\t\t\t\t\t\t\t\t\t\t\t\t\t<img fetchpriority=\"high\" decoding=\"async\" width=\"600\" height=\"600\" src=\"https:\/\/www.fbl-it.it\/wp-content\/uploads\/2022\/02\/icona-trasportatori.png\" class=\"attachment-large size-large wp-image-6354\" alt=\"\" srcset=\"https:\/\/www.fbl-it.it\/wp-content\/uploads\/2022\/02\/icona-trasportatori.png 600w, https:\/\/www.fbl-it.it\/wp-content\/uploads\/2022\/02\/icona-trasportatori-300x300.png 300w, https:\/\/www.fbl-it.it\/wp-content\/uploads\/2022\/02\/icona-trasportatori-150x150.png 150w\" sizes=\"(max-width: 600px) 100vw, 600px\" \/>\t\t\t\t\t\t\t\t\t\t\t\t\t\t\t<\/div>\n\t\t\t\t<div class=\"elementor-element elementor-element-5196dd98 animated-slow elementor-invisible elementor-widget elementor-widget-spacer\" data-id=\"5196dd98\" data-element_type=\"widget\" data-e-type=\"widget\" data-settings=\"{&quot;_animation&quot;:&quot;fadeInRight&quot;}\" data-widget_type=\"spacer.default\">\n\t\t\t\t\t\t\t<div class=\"elementor-spacer\">\n\t\t\t<div class=\"elementor-spacer-inner\"><\/div>\n\t\t<\/div>\n\t\t\t\t\t\t<\/div>\n\t\t\t\t\t<\/div>\n\t\t<\/div>\n\t\t\t\t\t<\/div>\n\t\t<\/section>\n\t\t\t\t<section class=\"elementor-section elementor-top-section elementor-element elementor-element-55dcdbad elementor-section-full_width elementor-section-height-default elementor-section-height-default elementor-invisible\" data-id=\"55dcdbad\" data-element_type=\"section\" data-e-type=\"section\" data-settings=\"{&quot;animation&quot;:&quot;fadeInUp&quot;}\">\n\t\t\t\t\t\t<div class=\"elementor-container elementor-column-gap-default\">\n\t\t\t\t\t<div class=\"elementor-column elementor-col-100 elementor-top-column elementor-element elementor-element-4e90a5f\" data-id=\"4e90a5f\" data-element_type=\"column\" data-e-type=\"column\">\n\t\t\t<div class=\"elementor-widget-wrap elementor-element-populated\">\n\t\t\t\t\t\t<div class=\"elementor-element elementor-element-29aeb4bb elementor-icon-list--layout-inline elementor-align-center elementor-list-item-link-full_width elementor-widget elementor-widget-icon-list\" data-id=\"29aeb4bb\" data-element_type=\"widget\" data-e-type=\"widget\" data-widget_type=\"icon-list.default\">\n\t\t\t\t\t\t\t<ul class=\"elementor-icon-list-items elementor-inline-items\">\n\t\t\t\t\t\t\t<li class=\"elementor-icon-list-item elementor-inline-item\">\n\t\t\t\t\t\t\t\t\t\t\t<span class=\"elementor-icon-list-icon\">\n\t\t\t\t\t\t\t<svg xmlns=\"http:\/\/www.w3.org\/2000\/svg\" xmlns:xlink=\"http:\/\/www.w3.org\/1999\/xlink\" id=\"Livello_1\" x=\"0px\" y=\"0px\" width=\"29.557px\" height=\"30.049px\" viewBox=\"0 0 29.557 30.049\" xml:space=\"preserve\"><polygon fill=\"#C40941\" points=\"24.582,9.933 14.668,19.846 4.854,10.033 3.605,11.28 14.789,22.463 25.951,11.3 \"><\/polygon><\/svg>\t\t\t\t\t\t<\/span>\n\t\t\t\t\t\t\t\t\t\t<span class=\"elementor-icon-list-text\">MOD\u00c8LES<\/span>\n\t\t\t\t\t\t\t\t\t<\/li>\n\t\t\t\t\t\t<\/ul>\n\t\t\t\t\t\t<\/div>\n\t\t\t\t<div class=\"elementor-element elementor-element-74ec4646 premium-blog__carousel-yes premium-blog-align-left elementor-widget elementor-widget-premium-addon-blog\" data-id=\"74ec4646\" data-element_type=\"widget\" data-e-type=\"widget\" data-settings=\"{&quot;premium_blog_columns_number&quot;:&quot;33.33%&quot;,&quot;premium_blog_carousel&quot;:&quot;yes&quot;,&quot;slides_to_scroll&quot;:1,&quot;premium_blog_carousel_dots&quot;:&quot;yes&quot;,&quot;premium_blog_grid&quot;:&quot;yes&quot;,&quot;premium_blog_layout&quot;:&quot;even&quot;,&quot;premium_blog_columns_number_tablet&quot;:&quot;50%&quot;,&quot;premium_blog_columns_number_mobile&quot;:&quot;100%&quot;,&quot;carousel_speed&quot;:300,&quot;premium_blog_carousel_spacing&quot;:&quot;15&quot;,&quot;premium_blog_carousel_arrows&quot;:&quot;yes&quot;,&quot;arrows_position&quot;:&quot;default&quot;}\" data-widget_type=\"premium-addon-blog.default\">\n\t\t\t\t\t\n\t\t\n\n\t\t\t\t<div class=\"premium-blog-wrap  premium-blog-even premium-carousel-hidden\" data-page=\"1796\">\n\t\t\t\t\t\t\t\t\t<div class=\"premium-blog-post-outer-container\" data-total=\"1\">\n\t\t\t<div class=\"premium-blog-post-container premium-blog-skin-banner\">\n\t\t\t\t\t\t\t\t\t<div class=\"premium-blog-thumb-effect-wrapper\">\n\t\t\t\t\t\t<div class=\"premium-blog-thumbnail-container premium-blog-none-effect\">\n\t\t\t\t\t\t\t<img decoding=\"async\" src=\"https:\/\/www.fbl-it.it\/wp-content\/uploads\/elementor\/thumbs\/Nastri-trasportatori-fardelli-e-cartoni_000-nds13dv62inagou9wevuzfc7d88hjfgyb5c5gro20w.jpg\" title=\"Nastri trasportatori fardelli e cartoni_000\" alt=\"Nastri trasportatori fardelli e cartoni_000\" loading=\"lazy\" \/>\t\t\t\t\t\t<\/div>\n\t\t\t\t\t\t\t\t\t\t\t\t\t<div class=\"premium-blog-thumbnail-overlay\">\n\t\t\t\t\t\t\t\t<a class=\"elementor-icon\" href=\"https:\/\/www.fbl-it.it\/fr\/projects\/lignes-de-transport-fl-nt-fardeaux-et-cartons\/\" target=\"_self\"><\/a>\n\t\t\t\t\t\t\t<\/div>\n\n\t\t\t\t\t\t\t\t\t\t\t\t\t\t\t\t\t\t<\/div>\n\t\t\t\t\t\t\t\t\t\t\t\t<div class=\"premium-blog-content-wrapper \">\n\n\t\t\t\t\t<div class=\"premium-blog-inner-container\">\n\n\t\t\t\t\t\t\t\t\t\t\t\t\t\t<h2 class=\"premium-blog-entry-title\">\n\t\t\t<a href=\"https:\/\/www.fbl-it.it\/fr\/projects\/lignes-de-transport-fl-nt-fardeaux-et-cartons\/\" target=\"_self\">\n\t\t\t\tLignes de transport FL-NT fardeaux et cartons\t\t\t<\/a>\n\t\t<\/h2>\n\t\t\t\t<div class=\"premium-blog-entry-meta\">\n\t\t\t\n\t\t\t\n\t\t\t\n\t\t\t\t\t<\/div>\n\t\t\n\t\t\t\t\t<\/div>\n\n\t\t\t\t\t\t\t\t\t\t\n\t\t\t\t<\/div>\n\t\t\t<\/div>\n\t\t<\/div>\n\n\t\t\t\t<div class=\"premium-blog-post-outer-container\" data-total=\"1\">\n\t\t\t<div class=\"premium-blog-post-container premium-blog-skin-banner\">\n\t\t\t\t\t\t\t\t\t<div class=\"premium-blog-thumb-effect-wrapper\">\n\t\t\t\t\t\t<div class=\"premium-blog-thumbnail-container premium-blog-none-effect\">\n\t\t\t\t\t\t\t<img decoding=\"async\" src=\"https:\/\/www.fbl-it.it\/wp-content\/uploads\/elementor\/thumbs\/Nastri-trasportatori-barattoli_006-nds178za5zxq6z87c30n8g8fa96t6mt869w0hpxsg0.jpg\" title=\"Nastri trasportatori barattoli_006\" alt=\"Nastri trasportatori barattoli_006\" loading=\"lazy\" \/>\t\t\t\t\t\t<\/div>\n\t\t\t\t\t\t\t\t\t\t\t\t\t<div class=\"premium-blog-thumbnail-overlay\">\n\t\t\t\t\t\t\t\t<a class=\"elementor-icon\" href=\"https:\/\/www.fbl-it.it\/fr\/projects\/lignes-de-transport-fl-nt-bocaux-boites\/\" target=\"_self\"><\/a>\n\t\t\t\t\t\t\t<\/div>\n\n\t\t\t\t\t\t\t\t\t\t\t\t\t\t\t\t\t\t<\/div>\n\t\t\t\t\t\t\t\t\t\t\t\t<div class=\"premium-blog-content-wrapper \">\n\n\t\t\t\t\t<div class=\"premium-blog-inner-container\">\n\n\t\t\t\t\t\t\t\t\t\t\t\t\t\t<h2 class=\"premium-blog-entry-title\">\n\t\t\t<a href=\"https:\/\/www.fbl-it.it\/fr\/projects\/lignes-de-transport-fl-nt-bocaux-boites\/\" target=\"_self\">\n\t\t\t\tLignes de transport FL-NT bocaux\/bo\u00eetes\t\t\t<\/a>\n\t\t<\/h2>\n\t\t\t\t<div class=\"premium-blog-entry-meta\">\n\t\t\t\n\t\t\t\n\t\t\t\n\t\t\t\t\t<\/div>\n\t\t\n\t\t\t\t\t<\/div>\n\n\t\t\t\t\t\t\t\t\t\t\n\t\t\t\t<\/div>\n\t\t\t<\/div>\n\t\t<\/div>\n\n\t\t\t\t<div class=\"premium-blog-post-outer-container\" data-total=\"1\">\n\t\t\t<div class=\"premium-blog-post-container premium-blog-skin-banner\">\n\t\t\t\t\t\t\t\t\t<div class=\"premium-blog-thumb-effect-wrapper\">\n\t\t\t\t\t\t<div class=\"premium-blog-thumbnail-container premium-blog-none-effect\">\n\t\t\t\t\t\t\t<img decoding=\"async\" src=\"https:\/\/www.fbl-it.it\/wp-content\/uploads\/elementor\/thumbs\/Elevatori-discensori_000-nds1pcdfq6pfoqy0oel3qduuya06cvn7ntzi2h3yo0.jpg\" title=\"Elevatori-discensori_000\" alt=\"Elevatori-discensori_000\" loading=\"lazy\" \/>\t\t\t\t\t\t<\/div>\n\t\t\t\t\t\t\t\t\t\t\t\t\t<div class=\"premium-blog-thumbnail-overlay\">\n\t\t\t\t\t\t\t\t<a class=\"elementor-icon\" href=\"https:\/\/www.fbl-it.it\/fr\/projects\/lignes-de-transport-fl-nt-elevateurs-descendeurs\/\" target=\"_self\"><\/a>\n\t\t\t\t\t\t\t<\/div>\n\n\t\t\t\t\t\t\t\t\t\t\t\t\t\t\t\t\t\t<\/div>\n\t\t\t\t\t\t\t\t\t\t\t\t<div class=\"premium-blog-content-wrapper \">\n\n\t\t\t\t\t<div class=\"premium-blog-inner-container\">\n\n\t\t\t\t\t\t\t\t\t\t\t\t\t\t<h2 class=\"premium-blog-entry-title\">\n\t\t\t<a href=\"https:\/\/www.fbl-it.it\/fr\/projects\/lignes-de-transport-fl-nt-elevateurs-descendeurs\/\" target=\"_self\">\n\t\t\t\tLignes de transport FL-NT \u00e9l\u00e9vateurs-descendeurs\t\t\t<\/a>\n\t\t<\/h2>\n\t\t\t\t<div class=\"premium-blog-entry-meta\">\n\t\t\t\n\t\t\t\n\t\t\t\n\t\t\t\t\t<\/div>\n\t\t\n\t\t\t\t\t<\/div>\n\n\t\t\t\t\t\t\t\t\t\t\n\t\t\t\t<\/div>\n\t\t\t<\/div>\n\t\t<\/div>\n\n\t\t\t\t<div class=\"premium-blog-post-outer-container\" data-total=\"1\">\n\t\t\t<div class=\"premium-blog-post-container premium-blog-skin-banner\">\n\t\t\t\t\t\t\t\t\t<div class=\"premium-blog-thumb-effect-wrapper\">\n\t\t\t\t\t\t<div class=\"premium-blog-thumbnail-container premium-blog-none-effect\">\n\t\t\t\t\t\t\t<img decoding=\"async\" src=\"https:\/\/www.fbl-it.it\/wp-content\/uploads\/elementor\/thumbs\/Trasportatori-palette_003-1-nds202p3r3ea8hcv0jkrp6db3n418h8w4y42b775mo.jpg\" title=\"Trasportatori palette_003\" alt=\"Trasportatori palette_003\" loading=\"lazy\" \/>\t\t\t\t\t\t<\/div>\n\t\t\t\t\t\t\t\t\t\t\t\t\t<div class=\"premium-blog-thumbnail-overlay\">\n\t\t\t\t\t\t\t\t<a class=\"elementor-icon\" href=\"https:\/\/www.fbl-it.it\/fr\/projects\/lignes-de-transport-fl-nt-palettes\/\" target=\"_self\"><\/a>\n\t\t\t\t\t\t\t<\/div>\n\n\t\t\t\t\t\t\t\t\t\t\t\t\t\t\t\t\t\t<\/div>\n\t\t\t\t\t\t\t\t\t\t\t\t<div class=\"premium-blog-content-wrapper \">\n\n\t\t\t\t\t<div class=\"premium-blog-inner-container\">\n\n\t\t\t\t\t\t\t\t\t\t\t\t\t\t<h2 class=\"premium-blog-entry-title\">\n\t\t\t<a href=\"https:\/\/www.fbl-it.it\/fr\/projects\/lignes-de-transport-fl-nt-palettes\/\" target=\"_self\">\n\t\t\t\tLignes de transport FL-NT palettes\t\t\t<\/a>\n\t\t<\/h2>\n\t\t\t\t<div class=\"premium-blog-entry-meta\">\n\t\t\t\n\t\t\t\n\t\t\t\n\t\t\t\t\t<\/div>\n\t\t\n\t\t\t\t\t<\/div>\n\n\t\t\t\t\t\t\t\t\t\t\n\t\t\t\t<\/div>\n\t\t\t<\/div>\n\t\t<\/div>\n\n\t\t\t\t\t\t\t<\/div>\n\n\t\t\n\t\t\n\t\t\t\t\t\t<\/div>\n\t\t\t\t\t<\/div>\n\t\t<\/div>\n\t\t\t\t\t<\/div>\n\t\t<\/section>\n\t\t\t\t<section class=\"elementor-section elementor-top-section elementor-element elementor-element-4529933a elementor-section-full_width elementor-hidden-desktop elementor-hidden-tablet elementor-hidden-mobile elementor-section-height-default elementor-section-height-default elementor-invisible\" data-id=\"4529933a\" data-element_type=\"section\" data-e-type=\"section\" data-settings=\"{&quot;background_background&quot;:&quot;classic&quot;,&quot;animation&quot;:&quot;fadeInUp&quot;}\">\n\t\t\t\t\t\t<div class=\"elementor-container elementor-column-gap-no\">\n\t\t\t\t\t<div class=\"elementor-column elementor-col-100 elementor-top-column elementor-element elementor-element-7b0bf2a3\" data-id=\"7b0bf2a3\" data-element_type=\"column\" data-e-type=\"column\">\n\t\t\t<div class=\"elementor-widget-wrap elementor-element-populated\">\n\t\t\t\t\t\t\t<\/div>\n\t\t<\/div>\n\t\t\t\t\t<\/div>\n\t\t<\/section>\n\t\t\t\t<\/div>\n\t\t","protected":false},"excerpt":{"rendered":"<p>TRANSPORTEURS Syst\u00e8me de tapis transporteurs n\u00e9cessaires pour le fonctionnement de la ligne de conditionnement et l\u2019int\u00e9gration des diverses machines dont elle est compos\u00e9e. La cat\u00e9gorie des syst\u00e8mes de transport comprend : Tapis transporteurs bocaux\/bo\u00eetes Tapis transporteurs fardeaux et cartons Transporteurs palettes \u00c9l\u00e9vateurs \/ descendeurs Magasins d\u2019accumulation contenants MOD\u00c8LES Lignes de transport FL-NT fardeaux et cartons [&hellip;]<\/p>\n","protected":false},"author":3,"featured_media":0,"parent":0,"menu_order":64,"comment_status":"closed","ping_status":"closed","template":"elementor_header_footer","meta":{"_acf_changed":false,"inline_featured_image":false,"footnotes":""},"class_list":["post-1796","page","type-page","status-publish","hentry"],"acf":[],"yoast_head":"<!-- This site is optimized with the Yoast SEO plugin v27.3 - https:\/\/yoast.com\/product\/yoast-seo-wordpress\/ -->\n<title>Transporteurs - FBL Food Machinery<\/title>\n<meta name=\"robots\" content=\"index, follow, max-snippet:-1, max-image-preview:large, max-video-preview:-1\" \/>\n<link rel=\"canonical\" href=\"https:\/\/www.fbl-it.it\/fr\/transporteurs\/\" \/>\n<meta property=\"og:locale\" content=\"fr_FR\" \/>\n<meta property=\"og:type\" content=\"article\" \/>\n<meta property=\"og:title\" content=\"Transporteurs - FBL Food Machinery\" \/>\n<meta property=\"og:description\" content=\"TRANSPORTEURS Syst\u00e8me de tapis transporteurs n\u00e9cessaires pour le fonctionnement de la ligne de conditionnement et l\u2019int\u00e9gration des diverses machines dont elle est compos\u00e9e. La cat\u00e9gorie des syst\u00e8mes de transport comprend : Tapis transporteurs bocaux\/bo\u00eetes Tapis transporteurs fardeaux et cartons Transporteurs palettes \u00c9l\u00e9vateurs \/ descendeurs Magasins d\u2019accumulation contenants MOD\u00c8LES Lignes de transport FL-NT fardeaux et cartons [&hellip;]\" \/>\n<meta property=\"og:url\" content=\"https:\/\/www.fbl-it.it\/fr\/transporteurs\/\" \/>\n<meta property=\"og:site_name\" content=\"FBL Food Machinery\" \/>\n<meta property=\"article:modified_time\" content=\"2022-05-05T15:45:09+00:00\" \/>\n<meta property=\"og:image\" content=\"https:\/\/www.fbl-it.it\/wp-content\/uploads\/2022\/02\/icona-trasportatori.png\" \/>\n<meta name=\"twitter:card\" content=\"summary_large_image\" \/>\n<meta name=\"twitter:label1\" content=\"Dur\u00e9e de lecture estim\u00e9e\" \/>\n\t<meta name=\"twitter:data1\" content=\"4 minutes\" \/>\n<script type=\"application\/ld+json\" class=\"yoast-schema-graph\">{\"@context\":\"https:\\\/\\\/schema.org\",\"@graph\":[{\"@type\":\"WebPage\",\"@id\":\"https:\\\/\\\/www.fbl-it.it\\\/fr\\\/transporteurs\\\/\",\"url\":\"https:\\\/\\\/www.fbl-it.it\\\/fr\\\/transporteurs\\\/\",\"name\":\"Transporteurs - FBL Food Machinery\",\"isPartOf\":{\"@id\":\"https:\\\/\\\/www.fbl-it.it\\\/#website\"},\"primaryImageOfPage\":{\"@id\":\"https:\\\/\\\/www.fbl-it.it\\\/fr\\\/transporteurs\\\/#primaryimage\"},\"image\":{\"@id\":\"https:\\\/\\\/www.fbl-it.it\\\/fr\\\/transporteurs\\\/#primaryimage\"},\"thumbnailUrl\":\"https:\\\/\\\/www.fbl-it.it\\\/wp-content\\\/uploads\\\/2022\\\/02\\\/icona-trasportatori.png\",\"datePublished\":\"2018-02-27T08:33:43+00:00\",\"dateModified\":\"2022-05-05T15:45:09+00:00\",\"breadcrumb\":{\"@id\":\"https:\\\/\\\/www.fbl-it.it\\\/fr\\\/transporteurs\\\/#breadcrumb\"},\"inLanguage\":\"fr-FR\",\"potentialAction\":[{\"@type\":\"ReadAction\",\"target\":[\"https:\\\/\\\/www.fbl-it.it\\\/fr\\\/transporteurs\\\/\"]}]},{\"@type\":\"ImageObject\",\"inLanguage\":\"fr-FR\",\"@id\":\"https:\\\/\\\/www.fbl-it.it\\\/fr\\\/transporteurs\\\/#primaryimage\",\"url\":\"https:\\\/\\\/www.fbl-it.it\\\/wp-content\\\/uploads\\\/2022\\\/02\\\/icona-trasportatori.png\",\"contentUrl\":\"https:\\\/\\\/www.fbl-it.it\\\/wp-content\\\/uploads\\\/2022\\\/02\\\/icona-trasportatori.png\"},{\"@type\":\"BreadcrumbList\",\"@id\":\"https:\\\/\\\/www.fbl-it.it\\\/fr\\\/transporteurs\\\/#breadcrumb\",\"itemListElement\":[{\"@type\":\"ListItem\",\"position\":1,\"name\":\"Home\",\"item\":\"https:\\\/\\\/www.fbl-it.it\\\/fr\\\/\"},{\"@type\":\"ListItem\",\"position\":2,\"name\":\"Transporteurs\"}]},{\"@type\":\"WebSite\",\"@id\":\"https:\\\/\\\/www.fbl-it.it\\\/#website\",\"url\":\"https:\\\/\\\/www.fbl-it.it\\\/\",\"name\":\"FBL Food Machinery\",\"description\":\"www.fbl-it.it Costruiamo depalettizzatori, discensori, soffianti, riempitrici, colmatrici, dosatrici, capsulatrici, lavatrici, pastorizzatori, controllo vuoto e sistemi di trasporto\",\"potentialAction\":[{\"@type\":\"SearchAction\",\"target\":{\"@type\":\"EntryPoint\",\"urlTemplate\":\"https:\\\/\\\/www.fbl-it.it\\\/?s={search_term_string}\"},\"query-input\":{\"@type\":\"PropertyValueSpecification\",\"valueRequired\":true,\"valueName\":\"search_term_string\"}}],\"inLanguage\":\"fr-FR\"}]}<\/script>\n<!-- \/ Yoast SEO plugin. -->","yoast_head_json":{"title":"Transporteurs - FBL Food Machinery","robots":{"index":"index","follow":"follow","max-snippet":"max-snippet:-1","max-image-preview":"max-image-preview:large","max-video-preview":"max-video-preview:-1"},"canonical":"https:\/\/www.fbl-it.it\/fr\/transporteurs\/","og_locale":"fr_FR","og_type":"article","og_title":"Transporteurs - FBL Food Machinery","og_description":"TRANSPORTEURS Syst\u00e8me de tapis transporteurs n\u00e9cessaires pour le fonctionnement de la ligne de conditionnement et l\u2019int\u00e9gration des diverses machines dont elle est compos\u00e9e. La cat\u00e9gorie des syst\u00e8mes de transport comprend : Tapis transporteurs bocaux\/bo\u00eetes Tapis transporteurs fardeaux et cartons Transporteurs palettes \u00c9l\u00e9vateurs \/ descendeurs Magasins d\u2019accumulation contenants MOD\u00c8LES Lignes de transport FL-NT fardeaux et cartons [&hellip;]","og_url":"https:\/\/www.fbl-it.it\/fr\/transporteurs\/","og_site_name":"FBL Food Machinery","article_modified_time":"2022-05-05T15:45:09+00:00","og_image":[{"url":"https:\/\/www.fbl-it.it\/wp-content\/uploads\/2022\/02\/icona-trasportatori.png","type":"","width":"","height":""}],"twitter_card":"summary_large_image","twitter_misc":{"Dur\u00e9e de lecture estim\u00e9e":"4 minutes"},"schema":{"@context":"https:\/\/schema.org","@graph":[{"@type":"WebPage","@id":"https:\/\/www.fbl-it.it\/fr\/transporteurs\/","url":"https:\/\/www.fbl-it.it\/fr\/transporteurs\/","name":"Transporteurs - FBL Food Machinery","isPartOf":{"@id":"https:\/\/www.fbl-it.it\/#website"},"primaryImageOfPage":{"@id":"https:\/\/www.fbl-it.it\/fr\/transporteurs\/#primaryimage"},"image":{"@id":"https:\/\/www.fbl-it.it\/fr\/transporteurs\/#primaryimage"},"thumbnailUrl":"https:\/\/www.fbl-it.it\/wp-content\/uploads\/2022\/02\/icona-trasportatori.png","datePublished":"2018-02-27T08:33:43+00:00","dateModified":"2022-05-05T15:45:09+00:00","breadcrumb":{"@id":"https:\/\/www.fbl-it.it\/fr\/transporteurs\/#breadcrumb"},"inLanguage":"fr-FR","potentialAction":[{"@type":"ReadAction","target":["https:\/\/www.fbl-it.it\/fr\/transporteurs\/"]}]},{"@type":"ImageObject","inLanguage":"fr-FR","@id":"https:\/\/www.fbl-it.it\/fr\/transporteurs\/#primaryimage","url":"https:\/\/www.fbl-it.it\/wp-content\/uploads\/2022\/02\/icona-trasportatori.png","contentUrl":"https:\/\/www.fbl-it.it\/wp-content\/uploads\/2022\/02\/icona-trasportatori.png"},{"@type":"BreadcrumbList","@id":"https:\/\/www.fbl-it.it\/fr\/transporteurs\/#breadcrumb","itemListElement":[{"@type":"ListItem","position":1,"name":"Home","item":"https:\/\/www.fbl-it.it\/fr\/"},{"@type":"ListItem","position":2,"name":"Transporteurs"}]},{"@type":"WebSite","@id":"https:\/\/www.fbl-it.it\/#website","url":"https:\/\/www.fbl-it.it\/","name":"FBL Food Machinery","description":"www.fbl-it.it Costruiamo depalettizzatori, discensori, soffianti, riempitrici, colmatrici, dosatrici, capsulatrici, lavatrici, pastorizzatori, controllo vuoto e sistemi di trasporto","potentialAction":[{"@type":"SearchAction","target":{"@type":"EntryPoint","urlTemplate":"https:\/\/www.fbl-it.it\/?s={search_term_string}"},"query-input":{"@type":"PropertyValueSpecification","valueRequired":true,"valueName":"search_term_string"}}],"inLanguage":"fr-FR"}]}},"_links":{"self":[{"href":"https:\/\/www.fbl-it.it\/fr\/wp-json\/wp\/v2\/pages\/1796","targetHints":{"allow":["GET"]}}],"collection":[{"href":"https:\/\/www.fbl-it.it\/fr\/wp-json\/wp\/v2\/pages"}],"about":[{"href":"https:\/\/www.fbl-it.it\/fr\/wp-json\/wp\/v2\/types\/page"}],"author":[{"embeddable":true,"href":"https:\/\/www.fbl-it.it\/fr\/wp-json\/wp\/v2\/users\/3"}],"replies":[{"embeddable":true,"href":"https:\/\/www.fbl-it.it\/fr\/wp-json\/wp\/v2\/comments?post=1796"}],"version-history":[{"count":6,"href":"https:\/\/www.fbl-it.it\/fr\/wp-json\/wp\/v2\/pages\/1796\/revisions"}],"predecessor-version":[{"id":9767,"href":"https:\/\/www.fbl-it.it\/fr\/wp-json\/wp\/v2\/pages\/1796\/revisions\/9767"}],"wp:attachment":[{"href":"https:\/\/www.fbl-it.it\/fr\/wp-json\/wp\/v2\/media?parent=1796"}],"curies":[{"name":"wp","href":"https:\/\/api.w.org\/{rel}","templated":true}]}}