{"id":1797,"date":"2018-02-27T09:33:44","date_gmt":"2018-02-27T08:33:44","guid":{"rendered":"https:\/\/www.fbl-it.it\/traitement-contenants\/"},"modified":"2022-05-04T18:54:13","modified_gmt":"2022-05-04T16:54:13","slug":"traitement-contenants","status":"publish","type":"page","link":"https:\/\/www.fbl-it.it\/fr\/traitement-contenants\/","title":{"rendered":"Traitement Contenants"},"content":{"rendered":"\t\t<div data-elementor-type=\"wp-page\" data-elementor-id=\"1797\" class=\"elementor elementor-1797 elementor-176\" data-elementor-post-type=\"page\">\n\t\t\t\t\t\t<section class=\"elementor-section elementor-top-section elementor-element elementor-element-14d637a2 elementor-section-full_width elementor-section-height-min-height elementor-section-height-default elementor-section-items-middle elementor-invisible\" data-id=\"14d637a2\" data-element_type=\"section\" data-e-type=\"section\" data-settings=\"{&quot;background_background&quot;:&quot;slideshow&quot;,&quot;animation&quot;:&quot;fadeIn&quot;,&quot;background_slideshow_gallery&quot;:[{&quot;id&quot;:5056,&quot;url&quot;:&quot;https:\\\/\\\/www.fbl-it.it\\\/wp-content\\\/uploads\\\/2022\\\/01\\\/soffiatrice-fbl-header.jpg&quot;},{&quot;id&quot;:6931,&quot;url&quot;:&quot;https:\\\/\\\/www.fbl-it.it\\\/wp-content\\\/uploads\\\/2017\\\/08\\\/FBL-testata-lavaggio-contenitori_S5A4931_LAVA.jpg&quot;}],&quot;background_slideshow_slide_duration&quot;:3000,&quot;background_slideshow_loop&quot;:&quot;yes&quot;,&quot;background_slideshow_slide_transition&quot;:&quot;fade&quot;,&quot;background_slideshow_transition_duration&quot;:500}\">\n\t\t\t\t\t\t<div class=\"elementor-container elementor-column-gap-default\">\n\t\t\t\t\t<div class=\"elementor-column elementor-col-100 elementor-top-column elementor-element elementor-element-56ea87b4\" data-id=\"56ea87b4\" data-element_type=\"column\" data-e-type=\"column\">\n\t\t\t<div class=\"elementor-widget-wrap\">\n\t\t\t\t\t\t\t<\/div>\n\t\t<\/div>\n\t\t\t\t\t<\/div>\n\t\t<\/section>\n\t\t\t\t<section class=\"elementor-section elementor-top-section elementor-element elementor-element-33314c90 elementor-section-boxed elementor-section-height-default elementor-section-height-default\" data-id=\"33314c90\" data-element_type=\"section\" data-e-type=\"section\">\n\t\t\t\t\t\t<div class=\"elementor-container elementor-column-gap-wide\">\n\t\t\t\t\t<div class=\"elementor-column elementor-col-33 elementor-top-column elementor-element elementor-element-4115f4b6\" data-id=\"4115f4b6\" data-element_type=\"column\" data-e-type=\"column\">\n\t\t\t<div class=\"elementor-widget-wrap elementor-element-populated\">\n\t\t\t\t\t\t<div class=\"elementor-element elementor-element-6a1fa34e elementor-invisible elementor-widget elementor-widget-heading\" data-id=\"6a1fa34e\" data-element_type=\"widget\" data-e-type=\"widget\" data-settings=\"{&quot;_animation&quot;:&quot;fadeInLeft&quot;}\" data-widget_type=\"heading.default\">\n\t\t\t\t\t<h1 class=\"elementor-heading-title elementor-size-xl\">TRAITEMENT<\/h1>\t\t\t\t<\/div>\n\t\t\t\t<div class=\"elementor-element elementor-element-3ce1d2c7 animated-slow elementor-invisible elementor-widget elementor-widget-heading\" data-id=\"3ce1d2c7\" data-element_type=\"widget\" data-e-type=\"widget\" data-settings=\"{&quot;_animation&quot;:&quot;fadeInLeft&quot;}\" data-widget_type=\"heading.default\">\n\t\t\t\t\t<h1 class=\"elementor-heading-title elementor-size-xl\">CONTENANTS<\/h1>\t\t\t\t<\/div>\n\t\t\t\t<div class=\"elementor-element elementor-element-1fd4c6d0 animated-slow elementor-invisible elementor-widget elementor-widget-spacer\" data-id=\"1fd4c6d0\" data-element_type=\"widget\" data-e-type=\"widget\" data-settings=\"{&quot;_animation&quot;:&quot;fadeInLeft&quot;}\" data-widget_type=\"spacer.default\">\n\t\t\t\t\t\t\t<div class=\"elementor-spacer\">\n\t\t\t<div class=\"elementor-spacer-inner\"><\/div>\n\t\t<\/div>\n\t\t\t\t\t\t<\/div>\n\t\t\t\t\t<\/div>\n\t\t<\/div>\n\t\t\t\t<div class=\"elementor-column elementor-col-33 elementor-top-column elementor-element elementor-element-5e57cb8d animated-slow elementor-invisible\" data-id=\"5e57cb8d\" data-element_type=\"column\" data-e-type=\"column\" data-settings=\"{&quot;animation&quot;:&quot;fadeIn&quot;}\">\n\t\t\t<div class=\"elementor-widget-wrap elementor-element-populated\">\n\t\t\t\t\t\t<div class=\"elementor-element elementor-element-63f532c elementor-widget elementor-widget-text-editor\" data-id=\"63f532c\" data-element_type=\"widget\" data-e-type=\"widget\" data-widget_type=\"text-editor.default\">\n\t\t\t\t\t\t\t\t\t<p>Machines adapt\u00e9es au\u00a0<strong>nettoyage interne<\/strong>\u00a0de r\u00e9cipients vides avant que ceux-ci ne soient remplis ou au\u00a0<strong>nettoyage externe<\/strong> des r\u00e9cipients ferm\u00e9s. <br \/>La gamme est compos\u00e9e d\u2019une <strong>soufflante universelle \u00e0 tampons<\/strong>,<strong> tunnel de lavage<\/strong> contenants pleins et ferm\u00e9s et <strong>tunnel de s\u00e9chage<\/strong> contenants pleins.<br \/>La <strong>soufflante<\/strong> est en mesure d\u2019effectuer, selon les besoins, le soufflage ou le lavage interne des contenants de mani\u00e8re \u00e0 garantir leur nettoyage interne complet. R\u00e9alisable en diff\u00e9rentes versions selon le traitement \u00e0 utiliser pour l\u2019insufflation de : <strong>Air filtr\u00e9, Air st\u00e9rilis\u00e9, Eau, Vapeur.<br \/><\/strong>La soufflante universelle \u00e0 tampons r\u00e9glable en largeur sans qu\u2019il soit n\u00e9cessaire de remplacer aucune pi\u00e8ce pour le changement de format, avec hauteur entr\u00e9e\/sortie contenants variable, ou lin\u00e9aire \u00e0 twist.<\/p>\t\t\t\t\t\t\t\t<\/div>\n\t\t\t\t\t<\/div>\n\t\t<\/div>\n\t\t\t\t<div class=\"elementor-column elementor-col-33 elementor-top-column elementor-element elementor-element-7ba99eda\" data-id=\"7ba99eda\" data-element_type=\"column\" data-e-type=\"column\">\n\t\t\t<div class=\"elementor-widget-wrap elementor-element-populated\">\n\t\t\t\t\t\t<div class=\"elementor-element elementor-element-2522efec elementor-invisible elementor-widget elementor-widget-image\" data-id=\"2522efec\" data-element_type=\"widget\" data-e-type=\"widget\" data-settings=\"{&quot;_animation&quot;:&quot;fadeInRight&quot;}\" data-widget_type=\"image.default\">\n\t\t\t\t\t\t\t\t\t\t\t\t\t\t\t<img fetchpriority=\"high\" decoding=\"async\" width=\"600\" height=\"600\" src=\"https:\/\/www.fbl-it.it\/wp-content\/uploads\/2022\/01\/icona-trattamento-contenitori.png\" class=\"attachment-large size-large wp-image-4982\" alt=\"\" srcset=\"https:\/\/www.fbl-it.it\/wp-content\/uploads\/2022\/01\/icona-trattamento-contenitori.png 600w, https:\/\/www.fbl-it.it\/wp-content\/uploads\/2022\/01\/icona-trattamento-contenitori-300x300.png 300w, https:\/\/www.fbl-it.it\/wp-content\/uploads\/2022\/01\/icona-trattamento-contenitori-150x150.png 150w, https:\/\/www.fbl-it.it\/wp-content\/uploads\/2022\/01\/icona-trattamento-contenitori-480x480.png 480w\" sizes=\"(max-width: 600px) 100vw, 600px\" \/>\t\t\t\t\t\t\t\t\t\t\t\t\t\t\t<\/div>\n\t\t\t\t<div class=\"elementor-element elementor-element-2d6f3059 animated-slow elementor-invisible elementor-widget elementor-widget-spacer\" data-id=\"2d6f3059\" data-element_type=\"widget\" data-e-type=\"widget\" data-settings=\"{&quot;_animation&quot;:&quot;fadeInRight&quot;}\" data-widget_type=\"spacer.default\">\n\t\t\t\t\t\t\t<div class=\"elementor-spacer\">\n\t\t\t<div class=\"elementor-spacer-inner\"><\/div>\n\t\t<\/div>\n\t\t\t\t\t\t<\/div>\n\t\t\t\t\t<\/div>\n\t\t<\/div>\n\t\t\t\t\t<\/div>\n\t\t<\/section>\n\t\t\t\t<section class=\"elementor-section elementor-top-section elementor-element elementor-element-67651ebd elementor-section-full_width elementor-section-height-default elementor-section-height-default elementor-invisible\" data-id=\"67651ebd\" data-element_type=\"section\" data-e-type=\"section\" data-settings=\"{&quot;animation&quot;:&quot;fadeInUp&quot;}\">\n\t\t\t\t\t\t<div class=\"elementor-container elementor-column-gap-default\">\n\t\t\t\t\t<div class=\"elementor-column elementor-col-100 elementor-top-column elementor-element elementor-element-1eb45f3c\" data-id=\"1eb45f3c\" data-element_type=\"column\" data-e-type=\"column\">\n\t\t\t<div class=\"elementor-widget-wrap elementor-element-populated\">\n\t\t\t\t\t\t<div class=\"elementor-element elementor-element-67fcdd3 elementor-icon-list--layout-inline elementor-align-center elementor-list-item-link-full_width elementor-widget elementor-widget-icon-list\" data-id=\"67fcdd3\" data-element_type=\"widget\" data-e-type=\"widget\" data-widget_type=\"icon-list.default\">\n\t\t\t\t\t\t\t<ul class=\"elementor-icon-list-items elementor-inline-items\">\n\t\t\t\t\t\t\t<li class=\"elementor-icon-list-item elementor-inline-item\">\n\t\t\t\t\t\t\t\t\t\t\t<span class=\"elementor-icon-list-icon\">\n\t\t\t\t\t\t\t<svg xmlns=\"http:\/\/www.w3.org\/2000\/svg\" xmlns:xlink=\"http:\/\/www.w3.org\/1999\/xlink\" id=\"Livello_1\" x=\"0px\" y=\"0px\" width=\"29.557px\" height=\"30.049px\" viewBox=\"0 0 29.557 30.049\" xml:space=\"preserve\"><polygon fill=\"#C40941\" points=\"24.582,9.933 14.668,19.846 4.854,10.033 3.605,11.28 14.789,22.463 25.951,11.3 \"><\/polygon><\/svg>\t\t\t\t\t\t<\/span>\n\t\t\t\t\t\t\t\t\t\t<span class=\"elementor-icon-list-text\">MOD\u00c8LES<\/span>\n\t\t\t\t\t\t\t\t\t<\/li>\n\t\t\t\t\t\t<\/ul>\n\t\t\t\t\t\t<\/div>\n\t\t\t\t<div class=\"elementor-element elementor-element-6d8aa50 premium-blog__carousel-yes premium-blog-align-left elementor-widget elementor-widget-premium-addon-blog\" data-id=\"6d8aa50\" data-element_type=\"widget\" data-e-type=\"widget\" data-settings=\"{&quot;premium_blog_columns_number&quot;:&quot;33.33%&quot;,&quot;premium_blog_carousel&quot;:&quot;yes&quot;,&quot;slides_to_scroll&quot;:1,&quot;premium_blog_carousel_dots&quot;:&quot;yes&quot;,&quot;premium_blog_grid&quot;:&quot;yes&quot;,&quot;premium_blog_layout&quot;:&quot;even&quot;,&quot;premium_blog_columns_number_tablet&quot;:&quot;50%&quot;,&quot;premium_blog_columns_number_mobile&quot;:&quot;100%&quot;,&quot;carousel_speed&quot;:300,&quot;premium_blog_carousel_spacing&quot;:&quot;15&quot;,&quot;premium_blog_carousel_arrows&quot;:&quot;yes&quot;,&quot;arrows_position&quot;:&quot;default&quot;}\" data-widget_type=\"premium-addon-blog.default\">\n\t\t\t\t\t\n\t\t\n\n\t\t\t\t<div class=\"premium-blog-wrap  premium-blog-even premium-carousel-hidden\" data-page=\"1797\">\n\t\t\t\t\t\t\t\t\t<div class=\"premium-blog-post-outer-container\" data-total=\"1\">\n\t\t\t<div class=\"premium-blog-post-container premium-blog-skin-banner\">\n\t\t\t\t\t\t\t\t\t<div class=\"premium-blog-thumb-effect-wrapper\">\n\t\t\t\t\t\t<div class=\"premium-blog-thumbnail-container premium-blog-none-effect\">\n\t\t\t\t\t\t\t<img decoding=\"async\" src=\"https:\/\/www.fbl-it.it\/wp-content\/uploads\/elementor\/thumbs\/Asciugatori-contenitori-FL-05_A_000-mod-piyld1n476cndvruylwwnnurhsji5ayx9qqdwovz28.jpg\" title=\"Asciugatori-contenitori-FL-05_A_000-mod\" alt=\"Asciugatori-contenitori-FL-05_A_000-mod\" loading=\"lazy\" \/>\t\t\t\t\t\t<\/div>\n\t\t\t\t\t\t\t\t\t\t\t\t\t<div class=\"premium-blog-thumbnail-overlay\">\n\t\t\t\t\t\t\t\t<a class=\"elementor-icon\" href=\"https:\/\/www.fbl-it.it\/fr\/projects\/secheurs-contenants-fl-05_a\/\" target=\"_self\"><\/a>\n\t\t\t\t\t\t\t<\/div>\n\n\t\t\t\t\t\t\t\t\t\t\t\t\t\t\t\t\t\t<\/div>\n\t\t\t\t\t\t\t\t\t\t\t\t<div class=\"premium-blog-content-wrapper \">\n\n\t\t\t\t\t<div class=\"premium-blog-inner-container\">\n\n\t\t\t\t\t\t\t\t\t\t\t\t\t\t<h2 class=\"premium-blog-entry-title\">\n\t\t\t<a href=\"https:\/\/www.fbl-it.it\/fr\/projects\/secheurs-contenants-fl-05_a\/\" target=\"_self\">\n\t\t\t\tS\u00e9cheurs contenants FL-05_A\t\t\t<\/a>\n\t\t<\/h2>\n\t\t\t\t<div class=\"premium-blog-entry-meta\">\n\t\t\t\n\t\t\t\n\t\t\t\n\t\t\t\t\t<\/div>\n\t\t\n\t\t\t\t\t<\/div>\n\n\t\t\t\t\t\t\t\t\t\t\n\t\t\t\t<\/div>\n\t\t\t<\/div>\n\t\t<\/div>\n\n\t\t\t\t<div class=\"premium-blog-post-outer-container\" data-total=\"1\">\n\t\t\t<div class=\"premium-blog-post-container premium-blog-skin-banner\">\n\t\t\t\t\t\t\t\t\t<div class=\"premium-blog-thumb-effect-wrapper\">\n\t\t\t\t\t\t<div class=\"premium-blog-thumbnail-container premium-blog-none-effect\">\n\t\t\t\t\t\t\t<img decoding=\"async\" src=\"https:\/\/www.fbl-it.it\/wp-content\/uploads\/elementor\/thumbs\/lavatrice-fbl-piyotm73xqvo1gtsjydylq6xn4jp98iaqb7yju6og0.jpg\" title=\"lavatrice-fbl\" alt=\"lavatrice-fbl\" loading=\"lazy\" \/>\t\t\t\t\t\t<\/div>\n\t\t\t\t\t\t\t\t\t\t\t\t\t<div class=\"premium-blog-thumbnail-overlay\">\n\t\t\t\t\t\t\t\t<a class=\"elementor-icon\" href=\"https:\/\/www.fbl-it.it\/fr\/projects\/lavage-contenants-fermes\/\" target=\"_self\"><\/a>\n\t\t\t\t\t\t\t<\/div>\n\n\t\t\t\t\t\t\t\t\t\t\t\t\t\t\t\t\t\t<\/div>\n\t\t\t\t\t\t\t\t\t\t\t\t<div class=\"premium-blog-content-wrapper \">\n\n\t\t\t\t\t<div class=\"premium-blog-inner-container\">\n\n\t\t\t\t\t\t\t\t\t\t\t\t\t\t<h2 class=\"premium-blog-entry-title\">\n\t\t\t<a href=\"https:\/\/www.fbl-it.it\/fr\/projects\/lavage-contenants-fermes\/\" target=\"_self\">\n\t\t\t\tLavage contenants ferm\u00e9s\t\t\t<\/a>\n\t\t<\/h2>\n\t\t\t\t<div class=\"premium-blog-entry-meta\">\n\t\t\t\n\t\t\t\n\t\t\t\n\t\t\t\t\t<\/div>\n\t\t\n\t\t\t\t\t<\/div>\n\n\t\t\t\t\t\t\t\t\t\t\n\t\t\t\t<\/div>\n\t\t\t<\/div>\n\t\t<\/div>\n\n\t\t\t\t<div class=\"premium-blog-post-outer-container\" data-total=\"1\">\n\t\t\t<div class=\"premium-blog-post-container premium-blog-skin-banner\">\n\t\t\t\t\t\t\t\t\t<div class=\"premium-blog-thumb-effect-wrapper\">\n\t\t\t\t\t\t<div class=\"premium-blog-thumbnail-container premium-blog-none-effect\">\n\t\t\t\t\t\t\t<img decoding=\"async\" src=\"https:\/\/www.fbl-it.it\/wp-content\/uploads\/elementor\/thumbs\/Soffiante-FL-016-a-tamponi-1-mod-piyl504tq7cc1zgdx4rtbowsj46gaj1lhxsu3gt8ao.jpg\" title=\"Soffiante-FL-016-a-tamponi-1-mod\" alt=\"Soffiante-FL-016-a-tamponi-1-mod\" loading=\"lazy\" \/>\t\t\t\t\t\t<\/div>\n\t\t\t\t\t\t\t\t\t\t\t\t\t<div class=\"premium-blog-thumbnail-overlay\">\n\t\t\t\t\t\t\t\t<a class=\"elementor-icon\" href=\"https:\/\/www.fbl-it.it\/fr\/projects\/soufflante-fl-016-a-tampons\/\" target=\"_self\"><\/a>\n\t\t\t\t\t\t\t<\/div>\n\n\t\t\t\t\t\t\t\t\t\t\t\t\t\t\t\t\t\t<\/div>\n\t\t\t\t\t\t\t\t\t\t\t\t<div class=\"premium-blog-content-wrapper \">\n\n\t\t\t\t\t<div class=\"premium-blog-inner-container\">\n\n\t\t\t\t\t\t\t\t\t\t\t\t\t\t<h2 class=\"premium-blog-entry-title\">\n\t\t\t<a href=\"https:\/\/www.fbl-it.it\/fr\/projects\/soufflante-fl-016-a-tampons\/\" target=\"_self\">\n\t\t\t\tSoufflante FL-016 \u00e0 tampons\t\t\t<\/a>\n\t\t<\/h2>\n\t\t\t\t<div class=\"premium-blog-entry-meta\">\n\t\t\t\n\t\t\t\n\t\t\t\n\t\t\t\t\t<\/div>\n\t\t\n\t\t\t\t\t<\/div>\n\n\t\t\t\t\t\t\t\t\t\t\n\t\t\t\t<\/div>\n\t\t\t<\/div>\n\t\t<\/div>\n\n\t\t\t\t<div class=\"premium-blog-post-outer-container\" data-total=\"1\">\n\t\t\t<div class=\"premium-blog-post-container premium-blog-skin-banner\">\n\t\t\t\t\t\t\t\t\t<div class=\"premium-blog-thumb-effect-wrapper\">\n\t\t\t\t\t\t<div class=\"premium-blog-thumbnail-container premium-blog-none-effect\">\n\t\t\t\t\t\t\t<img decoding=\"async\" src=\"https:\/\/www.fbl-it.it\/wp-content\/uploads\/elementor\/thumbs\/Soffiante-FL-92-a-twist-mod-piyl2hwbi3wt3f3gk1rmoboji4j7rl3d5j680wj0w0.jpg\" title=\"Soffiante-FL-92-a-twist-mod\" alt=\"Soffiante-FL-92-a-twist-mod\" loading=\"lazy\" \/>\t\t\t\t\t\t<\/div>\n\t\t\t\t\t\t\t\t\t\t\t\t\t<div class=\"premium-blog-thumbnail-overlay\">\n\t\t\t\t\t\t\t\t<a class=\"elementor-icon\" href=\"https:\/\/www.fbl-it.it\/fr\/projects\/soufflante-fl-92-a-twist\/\" target=\"_self\"><\/a>\n\t\t\t\t\t\t\t<\/div>\n\n\t\t\t\t\t\t\t\t\t\t\t\t\t\t\t\t\t\t<\/div>\n\t\t\t\t\t\t\t\t\t\t\t\t<div class=\"premium-blog-content-wrapper \">\n\n\t\t\t\t\t<div class=\"premium-blog-inner-container\">\n\n\t\t\t\t\t\t\t\t\t\t\t\t\t\t<h2 class=\"premium-blog-entry-title\">\n\t\t\t<a href=\"https:\/\/www.fbl-it.it\/fr\/projects\/soufflante-fl-92-a-twist\/\" target=\"_self\">\n\t\t\t\tSoufflante FL-92 \u00e0 twist\t\t\t<\/a>\n\t\t<\/h2>\n\t\t\t\t<div class=\"premium-blog-entry-meta\">\n\t\t\t\n\t\t\t\n\t\t\t\n\t\t\t\t\t<\/div>\n\t\t\n\t\t\t\t\t<\/div>\n\n\t\t\t\t\t\t\t\t\t\t\n\t\t\t\t<\/div>\n\t\t\t<\/div>\n\t\t<\/div>\n\n\t\t\t\t\t\t\t<\/div>\n\n\t\t\n\t\t\n\t\t\t\t\t\t<\/div>\n\t\t\t\t\t<\/div>\n\t\t<\/div>\n\t\t\t\t\t<\/div>\n\t\t<\/section>\n\t\t\t\t<section class=\"elementor-section elementor-top-section elementor-element elementor-element-19c8b6c3 elementor-section-full_width elementor-hidden-tablet elementor-hidden-mobile elementor-hidden-desktop elementor-section-height-default elementor-section-height-default elementor-invisible\" data-id=\"19c8b6c3\" data-element_type=\"section\" data-e-type=\"section\" data-settings=\"{&quot;background_background&quot;:&quot;classic&quot;,&quot;animation&quot;:&quot;fadeInUp&quot;}\">\n\t\t\t\t\t\t<div class=\"elementor-container elementor-column-gap-no\">\n\t\t\t\t\t<div class=\"elementor-column elementor-col-100 elementor-top-column elementor-element elementor-element-3cc88367\" data-id=\"3cc88367\" data-element_type=\"column\" data-e-type=\"column\">\n\t\t\t<div class=\"elementor-widget-wrap elementor-element-populated\">\n\t\t\t\t\t\t\t<\/div>\n\t\t<\/div>\n\t\t\t\t\t<\/div>\n\t\t<\/section>\n\t\t\t\t<\/div>\n\t\t","protected":false},"excerpt":{"rendered":"<p>TRAITEMENT CONTENANTS Machines adapt\u00e9es au\u00a0nettoyage interne\u00a0de r\u00e9cipients vides avant que ceux-ci ne soient remplis ou au\u00a0nettoyage externe des r\u00e9cipients ferm\u00e9s. La gamme est compos\u00e9e d\u2019une soufflante universelle \u00e0 tampons, tunnel de lavage contenants pleins et ferm\u00e9s et tunnel de s\u00e9chage contenants pleins.La soufflante est en mesure d\u2019effectuer, selon les besoins, le soufflage ou le lavage [&hellip;]<\/p>\n","protected":false},"author":3,"featured_media":0,"parent":0,"menu_order":33,"comment_status":"closed","ping_status":"closed","template":"elementor_header_footer","meta":{"_acf_changed":false,"inline_featured_image":false,"footnotes":""},"class_list":["post-1797","page","type-page","status-publish","hentry"],"acf":[],"yoast_head":"<!-- This site is optimized with the Yoast SEO plugin v27.3 - https:\/\/yoast.com\/product\/yoast-seo-wordpress\/ -->\n<title>Traitement Contenants - FBL Food Machinery<\/title>\n<meta name=\"robots\" content=\"index, follow, max-snippet:-1, max-image-preview:large, max-video-preview:-1\" \/>\n<link rel=\"canonical\" href=\"https:\/\/www.fbl-it.it\/fr\/traitement-contenants\/\" \/>\n<meta property=\"og:locale\" content=\"fr_FR\" \/>\n<meta property=\"og:type\" content=\"article\" \/>\n<meta property=\"og:title\" content=\"Traitement Contenants - FBL Food Machinery\" \/>\n<meta property=\"og:description\" content=\"TRAITEMENT CONTENANTS Machines adapt\u00e9es au\u00a0nettoyage interne\u00a0de r\u00e9cipients vides avant que ceux-ci ne soient remplis ou au\u00a0nettoyage externe des r\u00e9cipients ferm\u00e9s. La gamme est compos\u00e9e d\u2019une soufflante universelle \u00e0 tampons, tunnel de lavage contenants pleins et ferm\u00e9s et tunnel de s\u00e9chage contenants pleins.La soufflante est en mesure d\u2019effectuer, selon les besoins, le soufflage ou le lavage [&hellip;]\" \/>\n<meta property=\"og:url\" content=\"https:\/\/www.fbl-it.it\/fr\/traitement-contenants\/\" \/>\n<meta property=\"og:site_name\" content=\"FBL Food Machinery\" \/>\n<meta property=\"article:modified_time\" content=\"2022-05-04T16:54:13+00:00\" \/>\n<meta property=\"og:image\" content=\"https:\/\/www.fbl-it.it\/wp-content\/uploads\/2022\/01\/icona-trattamento-contenitori.png\" \/>\n<meta name=\"twitter:card\" content=\"summary_large_image\" \/>\n<meta name=\"twitter:label1\" content=\"Dur\u00e9e de lecture estim\u00e9e\" \/>\n\t<meta name=\"twitter:data1\" content=\"5 minutes\" \/>\n<script type=\"application\/ld+json\" class=\"yoast-schema-graph\">{\"@context\":\"https:\\\/\\\/schema.org\",\"@graph\":[{\"@type\":\"WebPage\",\"@id\":\"https:\\\/\\\/www.fbl-it.it\\\/fr\\\/traitement-contenants\\\/\",\"url\":\"https:\\\/\\\/www.fbl-it.it\\\/fr\\\/traitement-contenants\\\/\",\"name\":\"Traitement Contenants - FBL Food Machinery\",\"isPartOf\":{\"@id\":\"https:\\\/\\\/www.fbl-it.it\\\/#website\"},\"primaryImageOfPage\":{\"@id\":\"https:\\\/\\\/www.fbl-it.it\\\/fr\\\/traitement-contenants\\\/#primaryimage\"},\"image\":{\"@id\":\"https:\\\/\\\/www.fbl-it.it\\\/fr\\\/traitement-contenants\\\/#primaryimage\"},\"thumbnailUrl\":\"https:\\\/\\\/www.fbl-it.it\\\/wp-content\\\/uploads\\\/2022\\\/01\\\/icona-trattamento-contenitori.png\",\"datePublished\":\"2018-02-27T08:33:44+00:00\",\"dateModified\":\"2022-05-04T16:54:13+00:00\",\"breadcrumb\":{\"@id\":\"https:\\\/\\\/www.fbl-it.it\\\/fr\\\/traitement-contenants\\\/#breadcrumb\"},\"inLanguage\":\"fr-FR\",\"potentialAction\":[{\"@type\":\"ReadAction\",\"target\":[\"https:\\\/\\\/www.fbl-it.it\\\/fr\\\/traitement-contenants\\\/\"]}]},{\"@type\":\"ImageObject\",\"inLanguage\":\"fr-FR\",\"@id\":\"https:\\\/\\\/www.fbl-it.it\\\/fr\\\/traitement-contenants\\\/#primaryimage\",\"url\":\"https:\\\/\\\/www.fbl-it.it\\\/wp-content\\\/uploads\\\/2022\\\/01\\\/icona-trattamento-contenitori.png\",\"contentUrl\":\"https:\\\/\\\/www.fbl-it.it\\\/wp-content\\\/uploads\\\/2022\\\/01\\\/icona-trattamento-contenitori.png\"},{\"@type\":\"BreadcrumbList\",\"@id\":\"https:\\\/\\\/www.fbl-it.it\\\/fr\\\/traitement-contenants\\\/#breadcrumb\",\"itemListElement\":[{\"@type\":\"ListItem\",\"position\":1,\"name\":\"Home\",\"item\":\"https:\\\/\\\/www.fbl-it.it\\\/fr\\\/\"},{\"@type\":\"ListItem\",\"position\":2,\"name\":\"Traitement Contenants\"}]},{\"@type\":\"WebSite\",\"@id\":\"https:\\\/\\\/www.fbl-it.it\\\/#website\",\"url\":\"https:\\\/\\\/www.fbl-it.it\\\/\",\"name\":\"FBL Food Machinery\",\"description\":\"www.fbl-it.it Costruiamo depalettizzatori, discensori, soffianti, riempitrici, colmatrici, dosatrici, capsulatrici, lavatrici, pastorizzatori, controllo vuoto e sistemi di trasporto\",\"potentialAction\":[{\"@type\":\"SearchAction\",\"target\":{\"@type\":\"EntryPoint\",\"urlTemplate\":\"https:\\\/\\\/www.fbl-it.it\\\/?s={search_term_string}\"},\"query-input\":{\"@type\":\"PropertyValueSpecification\",\"valueRequired\":true,\"valueName\":\"search_term_string\"}}],\"inLanguage\":\"fr-FR\"}]}<\/script>\n<!-- \/ Yoast SEO plugin. -->","yoast_head_json":{"title":"Traitement Contenants - FBL Food Machinery","robots":{"index":"index","follow":"follow","max-snippet":"max-snippet:-1","max-image-preview":"max-image-preview:large","max-video-preview":"max-video-preview:-1"},"canonical":"https:\/\/www.fbl-it.it\/fr\/traitement-contenants\/","og_locale":"fr_FR","og_type":"article","og_title":"Traitement Contenants - FBL Food Machinery","og_description":"TRAITEMENT CONTENANTS Machines adapt\u00e9es au\u00a0nettoyage interne\u00a0de r\u00e9cipients vides avant que ceux-ci ne soient remplis ou au\u00a0nettoyage externe des r\u00e9cipients ferm\u00e9s. La gamme est compos\u00e9e d\u2019une soufflante universelle \u00e0 tampons, tunnel de lavage contenants pleins et ferm\u00e9s et tunnel de s\u00e9chage contenants pleins.La soufflante est en mesure d\u2019effectuer, selon les besoins, le soufflage ou le lavage [&hellip;]","og_url":"https:\/\/www.fbl-it.it\/fr\/traitement-contenants\/","og_site_name":"FBL Food Machinery","article_modified_time":"2022-05-04T16:54:13+00:00","og_image":[{"url":"https:\/\/www.fbl-it.it\/wp-content\/uploads\/2022\/01\/icona-trattamento-contenitori.png","type":"","width":"","height":""}],"twitter_card":"summary_large_image","twitter_misc":{"Dur\u00e9e de lecture estim\u00e9e":"5 minutes"},"schema":{"@context":"https:\/\/schema.org","@graph":[{"@type":"WebPage","@id":"https:\/\/www.fbl-it.it\/fr\/traitement-contenants\/","url":"https:\/\/www.fbl-it.it\/fr\/traitement-contenants\/","name":"Traitement Contenants - FBL Food Machinery","isPartOf":{"@id":"https:\/\/www.fbl-it.it\/#website"},"primaryImageOfPage":{"@id":"https:\/\/www.fbl-it.it\/fr\/traitement-contenants\/#primaryimage"},"image":{"@id":"https:\/\/www.fbl-it.it\/fr\/traitement-contenants\/#primaryimage"},"thumbnailUrl":"https:\/\/www.fbl-it.it\/wp-content\/uploads\/2022\/01\/icona-trattamento-contenitori.png","datePublished":"2018-02-27T08:33:44+00:00","dateModified":"2022-05-04T16:54:13+00:00","breadcrumb":{"@id":"https:\/\/www.fbl-it.it\/fr\/traitement-contenants\/#breadcrumb"},"inLanguage":"fr-FR","potentialAction":[{"@type":"ReadAction","target":["https:\/\/www.fbl-it.it\/fr\/traitement-contenants\/"]}]},{"@type":"ImageObject","inLanguage":"fr-FR","@id":"https:\/\/www.fbl-it.it\/fr\/traitement-contenants\/#primaryimage","url":"https:\/\/www.fbl-it.it\/wp-content\/uploads\/2022\/01\/icona-trattamento-contenitori.png","contentUrl":"https:\/\/www.fbl-it.it\/wp-content\/uploads\/2022\/01\/icona-trattamento-contenitori.png"},{"@type":"BreadcrumbList","@id":"https:\/\/www.fbl-it.it\/fr\/traitement-contenants\/#breadcrumb","itemListElement":[{"@type":"ListItem","position":1,"name":"Home","item":"https:\/\/www.fbl-it.it\/fr\/"},{"@type":"ListItem","position":2,"name":"Traitement Contenants"}]},{"@type":"WebSite","@id":"https:\/\/www.fbl-it.it\/#website","url":"https:\/\/www.fbl-it.it\/","name":"FBL Food Machinery","description":"www.fbl-it.it Costruiamo depalettizzatori, discensori, soffianti, riempitrici, colmatrici, dosatrici, capsulatrici, lavatrici, pastorizzatori, controllo vuoto e sistemi di trasporto","potentialAction":[{"@type":"SearchAction","target":{"@type":"EntryPoint","urlTemplate":"https:\/\/www.fbl-it.it\/?s={search_term_string}"},"query-input":{"@type":"PropertyValueSpecification","valueRequired":true,"valueName":"search_term_string"}}],"inLanguage":"fr-FR"}]}},"_links":{"self":[{"href":"https:\/\/www.fbl-it.it\/fr\/wp-json\/wp\/v2\/pages\/1797","targetHints":{"allow":["GET"]}}],"collection":[{"href":"https:\/\/www.fbl-it.it\/fr\/wp-json\/wp\/v2\/pages"}],"about":[{"href":"https:\/\/www.fbl-it.it\/fr\/wp-json\/wp\/v2\/types\/page"}],"author":[{"embeddable":true,"href":"https:\/\/www.fbl-it.it\/fr\/wp-json\/wp\/v2\/users\/3"}],"replies":[{"embeddable":true,"href":"https:\/\/www.fbl-it.it\/fr\/wp-json\/wp\/v2\/comments?post=1797"}],"version-history":[{"count":12,"href":"https:\/\/www.fbl-it.it\/fr\/wp-json\/wp\/v2\/pages\/1797\/revisions"}],"predecessor-version":[{"id":9731,"href":"https:\/\/www.fbl-it.it\/fr\/wp-json\/wp\/v2\/pages\/1797\/revisions\/9731"}],"wp:attachment":[{"href":"https:\/\/www.fbl-it.it\/fr\/wp-json\/wp\/v2\/media?parent=1797"}],"curies":[{"name":"wp","href":"https:\/\/api.w.org\/{rel}","templated":true}]}}